{"id":30435,"date":"2025-02-26T13:58:08","date_gmt":"2025-02-26T12:58:08","guid":{"rendered":"https:\/\/uniformelaboral.com\/index.php\/producto\/juve\/"},"modified":"2025-02-26T14:00:28","modified_gmt":"2025-02-26T13:00:28","slug":"juve","status":"publish","type":"product","link":"https:\/\/uniformelaboral.com\/index.php\/producto\/juve\/","title":{"rendered":"JUVE"},"content":{"rendered":"<p>Conjunt esportiu unisex compost de 2 samarretes + 1 pantal\u00f3.<br \/>\n1. Samarretes amb m\u00e0niga semi ragl\u00e0n estampades.<br \/>\n2. Coll rod\u00f3 amb tricot a la part posterior.<br \/>\n3. El coll de la segona samarreta es composa de manera contr\u00e0ria.<br \/>\n4. Pantal\u00f3 amb cintura el\u00e0stica amb cord\u00f3 interior a to amb repunt de seguretat.<br \/>\n5. Banda lateral a contrast i obertura lateral al baix del pantal\u00f3.<br \/>Composition: 100% poli\u00e8ster, 140 g\/m\u00b2.<br \/>Remarks: Conjunt sense mitgetes.<br \/>\n*Etiqueta extra\u00efble.<br \/>\n*Teixit t\u00e8cnic.<br \/>\n*Model transpirable.<br \/>\n*Pack varies peces.<br \/>\n*Durada en cat\u00e0leg de 3 anys.<br \/><img decoding=\"async\" src=\"https:\/\/static.gorfactory.es\/pics\/measures\/CJ_HO.jpg\"><\/p>\n","protected":false},"excerpt":{"rendered":"<p>Conjunt esportiu unisex compost de 2 samarretes + 1 pantal\u00f3. 1. Samarretes amb m\u00e0niga semi ragl\u00e0n estampades. 2. Coll rod\u00f3 amb tricot a la part posterior. 3. El coll de la segona samarreta es composa de manera contr\u00e0ria. 4. Pantal\u00f3 amb cintura el\u00e0stica amb cord\u00f3 interior a to amb repunt de seguretat. 5. Banda lateral [&hellip;]<\/p>\n","protected":false},"featured_media":30436,"template":"","meta":{"_joinchat":[]},"product_brand":[],"product_cat":[654,1164],"product_tag":[],"class_list":{"0":"post-30435","1":"product","2":"type-product","3":"status-publish","4":"has-post-thumbnail","6":"product_cat-sports-indumentaria-base","7":"product_cat-equip","8":"tm-no-options-pxq","10":"first","11":"instock","12":"taxable","13":"shipping-taxable","14":"purchasable","15":"product-type-variable"},"_links":{"self":[{"href":"https:\/\/uniformelaboral.com\/index.php\/wp-json\/wp\/v2\/product\/30435","targetHints":{"allow":["GET"]}}],"collection":[{"href":"https:\/\/uniformelaboral.com\/index.php\/wp-json\/wp\/v2\/product"}],"about":[{"href":"https:\/\/uniformelaboral.com\/index.php\/wp-json\/wp\/v2\/types\/product"}],"wp:featuredmedia":[{"embeddable":true,"href":"https:\/\/uniformelaboral.com\/index.php\/wp-json\/wp\/v2\/media\/30436"}],"wp:attachment":[{"href":"https:\/\/uniformelaboral.com\/index.php\/wp-json\/wp\/v2\/media?parent=30435"}],"wp:term":[{"taxonomy":"product_brand","embeddable":true,"href":"https:\/\/uniformelaboral.com\/index.php\/wp-json\/wp\/v2\/product_brand?post=30435"},{"taxonomy":"product_cat","embeddable":true,"href":"https:\/\/uniformelaboral.com\/index.php\/wp-json\/wp\/v2\/product_cat?post=30435"},{"taxonomy":"product_tag","embeddable":true,"href":"https:\/\/uniformelaboral.com\/index.php\/wp-json\/wp\/v2\/product_tag?post=30435"}],"curies":[{"name":"wp","href":"https:\/\/api.w.org\/{rel}","templated":true}]}}