{"id":30275,"date":"2025-02-26T13:54:45","date_gmt":"2025-02-26T12:54:45","guid":{"rendered":"https:\/\/uniformelaboral.com\/index.php\/producto\/racing\/"},"modified":"2025-02-26T13:56:14","modified_gmt":"2025-02-26T12:56:14","slug":"racing","status":"publish","type":"product","link":"https:\/\/uniformelaboral.com\/index.php\/producto\/racing\/","title":{"rendered":"RACING"},"content":{"rendered":"<p>Conjunt esportiu unisex compost de 2 samarretes + 1 pantalons.<br \/>\n1.- M\u00e0niga curta amb viu ample en contrast.<br \/>\n2.- El color de la segona samarreta es compon de manera contr\u00e0ria.<br \/>\n3.- Coll rod\u00f3 amb rivet bicolor i tapacostures refor\u00e7at a l\u2019interior.<br \/>\n4.- Pantalons amb cintura el\u00e0stica amb cord\u00f3 interior a to amb repunt de seguretat.<br \/>Composition: 100% poli\u00e8ster, 140 g\/m\u00b2.<br \/>Remarks: *Conjunt sense mitges.<br \/>\n*Etiqueta extra\u00efble.<br \/>\n*Lot de diverses peces.<br \/>\n*Disponible en talles infantils.<br \/>\n*Duraci\u00f3 en cat\u00e0leg: 3 anys.<br \/><img decoding=\"async\" src=\"https:\/\/static.gorfactory.es\/pics\/measures\/CJ_HO.jpg\"><\/p>\n","protected":false},"excerpt":{"rendered":"<p>Conjunt esportiu unisex compost de 2 samarretes + 1 pantalons. 1.- M\u00e0niga curta amb viu ample en contrast. 2.- El color de la segona samarreta es compon de manera contr\u00e0ria. 3.- Coll rod\u00f3 amb rivet bicolor i tapacostures refor\u00e7at a l\u2019interior. 4.- Pantalons amb cintura el\u00e0stica amb cord\u00f3 interior a to amb repunt de seguretat.Composition: [&hellip;]<\/p>\n","protected":false},"featured_media":30276,"template":"","meta":{"_joinchat":[]},"product_brand":[],"product_cat":[654,1164],"product_tag":[],"class_list":{"0":"post-30275","1":"product","2":"type-product","3":"status-publish","4":"has-post-thumbnail","6":"product_cat-sports-indumentaria-base","7":"product_cat-equip","8":"tm-no-options-pxq","10":"first","11":"instock","12":"taxable","13":"shipping-taxable","14":"purchasable","15":"product-type-variable"},"_links":{"self":[{"href":"https:\/\/uniformelaboral.com\/index.php\/wp-json\/wp\/v2\/product\/30275","targetHints":{"allow":["GET"]}}],"collection":[{"href":"https:\/\/uniformelaboral.com\/index.php\/wp-json\/wp\/v2\/product"}],"about":[{"href":"https:\/\/uniformelaboral.com\/index.php\/wp-json\/wp\/v2\/types\/product"}],"wp:featuredmedia":[{"embeddable":true,"href":"https:\/\/uniformelaboral.com\/index.php\/wp-json\/wp\/v2\/media\/30276"}],"wp:attachment":[{"href":"https:\/\/uniformelaboral.com\/index.php\/wp-json\/wp\/v2\/media?parent=30275"}],"wp:term":[{"taxonomy":"product_brand","embeddable":true,"href":"https:\/\/uniformelaboral.com\/index.php\/wp-json\/wp\/v2\/product_brand?post=30275"},{"taxonomy":"product_cat","embeddable":true,"href":"https:\/\/uniformelaboral.com\/index.php\/wp-json\/wp\/v2\/product_cat?post=30275"},{"taxonomy":"product_tag","embeddable":true,"href":"https:\/\/uniformelaboral.com\/index.php\/wp-json\/wp\/v2\/product_tag?post=30275"}],"curies":[{"name":"wp","href":"https:\/\/api.w.org\/{rel}","templated":true}]}}