{"id":30181,"date":"2025-02-26T13:52:32","date_gmt":"2025-02-26T12:52:32","guid":{"rendered":"https:\/\/uniformelaboral.com\/index.php\/producto\/boca\/"},"modified":"2025-02-26T13:54:44","modified_gmt":"2025-02-26T12:54:44","slug":"boca","status":"publish","type":"product","link":"https:\/\/uniformelaboral.com\/index.php\/producto\/boca\/","title":{"rendered":"BOCA"},"content":{"rendered":"<p>Conjunt esportiu unisex amb combinaci\u00f3 de tres teixits:<br \/>\n1. Samarreta amb coll mao i obertura  mitjan\u00e7ant fermall a pressi\u00f3.<br \/>\n2. Interior de la m\u00e0niga en teixit transpirable.<br \/>\n3. Panells laterals i banda superior de la m\u00e0niga en teixit control dry.<br \/>\n4. Pantal\u00f3 curt amb cintura ajustable i cordons.<br \/>\n5. Part interior de la cama i vius a contrast en teixit control dry.<br \/>Composition: Teixit principal: 100%poli\u00e8ster interlock,<br \/>\nPanells: 100% poli\u00e8ster microperforat i 100% poli\u00e8ster waffle interlock,<br \/>\n140 g\/m\u00b2.<br \/>Remarks: *Etiqueta extra\u00efble.<br \/>\n*Model transpirable.<br \/>\n*Disponible en talles infantils.<br \/>\n*Durada al cat\u00e1leg 3 anys.<br \/><img decoding=\"async\" src=\"https:\/\/static.gorfactory.es\/pics\/measures\/CJ_HO.jpg\"><\/p>\n","protected":false},"excerpt":{"rendered":"<p>Conjunt esportiu unisex amb combinaci\u00f3 de tres teixits: 1. Samarreta amb coll mao i obertura mitjan\u00e7ant fermall a pressi\u00f3. 2. Interior de la m\u00e0niga en teixit transpirable. 3. Panells laterals i banda superior de la m\u00e0niga en teixit control dry. 4. Pantal\u00f3 curt amb cintura ajustable i cordons. 5. Part interior de la cama i [&hellip;]<\/p>\n","protected":false},"featured_media":30182,"template":"","meta":{"_joinchat":[]},"product_brand":[],"product_cat":[654,1164],"product_tag":[],"class_list":{"0":"post-30181","1":"product","2":"type-product","3":"status-publish","4":"has-post-thumbnail","6":"product_cat-sports-indumentaria-base","7":"product_cat-equip","8":"tm-no-options-pxq","10":"first","11":"instock","12":"taxable","13":"shipping-taxable","14":"purchasable","15":"product-type-variable"},"_links":{"self":[{"href":"https:\/\/uniformelaboral.com\/index.php\/wp-json\/wp\/v2\/product\/30181","targetHints":{"allow":["GET"]}}],"collection":[{"href":"https:\/\/uniformelaboral.com\/index.php\/wp-json\/wp\/v2\/product"}],"about":[{"href":"https:\/\/uniformelaboral.com\/index.php\/wp-json\/wp\/v2\/types\/product"}],"wp:featuredmedia":[{"embeddable":true,"href":"https:\/\/uniformelaboral.com\/index.php\/wp-json\/wp\/v2\/media\/30182"}],"wp:attachment":[{"href":"https:\/\/uniformelaboral.com\/index.php\/wp-json\/wp\/v2\/media?parent=30181"}],"wp:term":[{"taxonomy":"product_brand","embeddable":true,"href":"https:\/\/uniformelaboral.com\/index.php\/wp-json\/wp\/v2\/product_brand?post=30181"},{"taxonomy":"product_cat","embeddable":true,"href":"https:\/\/uniformelaboral.com\/index.php\/wp-json\/wp\/v2\/product_cat?post=30181"},{"taxonomy":"product_tag","embeddable":true,"href":"https:\/\/uniformelaboral.com\/index.php\/wp-json\/wp\/v2\/product_tag?post=30181"}],"curies":[{"name":"wp","href":"https:\/\/api.w.org\/{rel}","templated":true}]}}