{"id":29870,"date":"2025-02-26T13:45:41","date_gmt":"2025-02-26T12:45:41","guid":{"rendered":"https:\/\/uniformelaboral.com\/index.php\/producto\/explorer\/"},"modified":"2025-02-26T13:46:02","modified_gmt":"2025-02-26T12:46:02","slug":"explorer","status":"publish","type":"product","link":"https:\/\/uniformelaboral.com\/index.php\/producto\/explorer\/","title":{"rendered":"EXPLORER"},"content":{"rendered":"<p>Jaqueta amb escot de pic. Teixit en punt suau. Tancament central de cinc botons a el to. Dues butxaques de plastr\u00f3. Punys i cintura el\u00e0stics en punt canal\u00e9.<br \/>Composition: 50% viscosa \/ el 28% poli\u00e8ster \/ 22% poliamida, punt fi, 340 g \/ m\u00b2.<br \/>Remarks: * Etiqueta extra\u00efble.<br \/>\n* Duo concept.<\/p>\n","protected":false},"excerpt":{"rendered":"<p>Jaqueta amb escot de pic. Teixit en punt suau. Tancament central de cinc botons a el to. Dues butxaques de plastr\u00f3. Punys i cintura el\u00e0stics en punt canal\u00e9.Composition: 50% viscosa \/ el 28% poli\u00e8ster \/ 22% poliamida, punt fi, 340 g \/ m\u00b2.Remarks: * Etiqueta extra\u00efble. * Duo concept.<\/p>\n","protected":false},"featured_media":29871,"template":"","meta":{"_joinchat":[]},"product_brand":[],"product_cat":[1099,1098,1097],"product_tag":[],"class_list":{"0":"post-29870","1":"product","2":"type-product","3":"status-publish","4":"has-post-thumbnail","6":"product_cat-horecachaqueta","7":"product_cat-horeca","8":"product_cat-workwear","9":"tm-no-options-pxq","11":"first","12":"instock","13":"taxable","14":"shipping-taxable","15":"purchasable","16":"product-type-variable"},"_links":{"self":[{"href":"https:\/\/uniformelaboral.com\/index.php\/wp-json\/wp\/v2\/product\/29870","targetHints":{"allow":["GET"]}}],"collection":[{"href":"https:\/\/uniformelaboral.com\/index.php\/wp-json\/wp\/v2\/product"}],"about":[{"href":"https:\/\/uniformelaboral.com\/index.php\/wp-json\/wp\/v2\/types\/product"}],"wp:featuredmedia":[{"embeddable":true,"href":"https:\/\/uniformelaboral.com\/index.php\/wp-json\/wp\/v2\/media\/29871"}],"wp:attachment":[{"href":"https:\/\/uniformelaboral.com\/index.php\/wp-json\/wp\/v2\/media?parent=29870"}],"wp:term":[{"taxonomy":"product_brand","embeddable":true,"href":"https:\/\/uniformelaboral.com\/index.php\/wp-json\/wp\/v2\/product_brand?post=29870"},{"taxonomy":"product_cat","embeddable":true,"href":"https:\/\/uniformelaboral.com\/index.php\/wp-json\/wp\/v2\/product_cat?post=29870"},{"taxonomy":"product_tag","embeddable":true,"href":"https:\/\/uniformelaboral.com\/index.php\/wp-json\/wp\/v2\/product_tag?post=29870"}],"curies":[{"name":"wp","href":"https:\/\/api.w.org\/{rel}","templated":true}]}}