{"id":29830,"date":"2025-02-26T13:44:54","date_gmt":"2025-02-26T12:44:54","guid":{"rendered":"https:\/\/uniformelaboral.com\/index.php\/producto\/soccer\/"},"modified":"2025-02-26T13:45:41","modified_gmt":"2025-02-26T12:45:41","slug":"soccer","status":"publish","type":"product","link":"https:\/\/uniformelaboral.com\/index.php\/producto\/soccer\/","title":{"rendered":"SOCCER"},"content":{"rendered":"<p>Mitjons esportius d&#8217;alta durada, canal\u00e9 amb elasticitat progressiva que s&#8217;adapta a diferents mides, zones el\u00e0stiques per obtenir una millor subjecci\u00f3.<br \/>Composition: Canya: 100% poli\u00e8ster. Peu: 80% poli\u00e8ster \/ 17% cot\u00f3 \/ 3% elast\u00e0.<br \/>Remarks: TALLES<br \/>\nKid (31\/34)<br \/>\nJunior (35\/40)<br \/>\nSenior (41\/46)<br \/>\n*Teixit transpirable.<\/p>\n","protected":false},"excerpt":{"rendered":"<p>Mitjons esportius d&#8217;alta durada, canal\u00e9 amb elasticitat progressiva que s&#8217;adapta a diferents mides, zones el\u00e0stiques per obtenir una millor subjecci\u00f3.Composition: Canya: 100% poli\u00e8ster. Peu: 80% poli\u00e8ster \/ 17% cot\u00f3 \/ 3% elast\u00e0.Remarks: TALLES Kid (31\/34) Junior (35\/40) Senior (41\/46) *Teixit transpirable.<\/p>\n","protected":false},"featured_media":29831,"template":"","meta":{"_joinchat":[]},"product_brand":[],"product_cat":[654,1164],"product_tag":[],"class_list":{"0":"post-29830","1":"product","2":"type-product","3":"status-publish","4":"has-post-thumbnail","6":"product_cat-sports-indumentaria-base","7":"product_cat-equip","8":"tm-no-options-pxq","10":"first","11":"instock","12":"taxable","13":"shipping-taxable","14":"purchasable","15":"product-type-variable"},"_links":{"self":[{"href":"https:\/\/uniformelaboral.com\/index.php\/wp-json\/wp\/v2\/product\/29830","targetHints":{"allow":["GET"]}}],"collection":[{"href":"https:\/\/uniformelaboral.com\/index.php\/wp-json\/wp\/v2\/product"}],"about":[{"href":"https:\/\/uniformelaboral.com\/index.php\/wp-json\/wp\/v2\/types\/product"}],"wp:featuredmedia":[{"embeddable":true,"href":"https:\/\/uniformelaboral.com\/index.php\/wp-json\/wp\/v2\/media\/29831"}],"wp:attachment":[{"href":"https:\/\/uniformelaboral.com\/index.php\/wp-json\/wp\/v2\/media?parent=29830"}],"wp:term":[{"taxonomy":"product_brand","embeddable":true,"href":"https:\/\/uniformelaboral.com\/index.php\/wp-json\/wp\/v2\/product_brand?post=29830"},{"taxonomy":"product_cat","embeddable":true,"href":"https:\/\/uniformelaboral.com\/index.php\/wp-json\/wp\/v2\/product_cat?post=29830"},{"taxonomy":"product_tag","embeddable":true,"href":"https:\/\/uniformelaboral.com\/index.php\/wp-json\/wp\/v2\/product_tag?post=29830"}],"curies":[{"name":"wp","href":"https:\/\/api.w.org\/{rel}","templated":true}]}}