{"id":29519,"date":"2025-02-26T13:38:00","date_gmt":"2025-02-26T12:38:00","guid":{"rendered":"https:\/\/uniformelaboral.com\/index.php\/producto\/island\/"},"modified":"2025-02-26T13:38:41","modified_gmt":"2025-02-26T12:38:41","slug":"island","status":"publish","type":"product","link":"https:\/\/uniformelaboral.com\/index.php\/producto\/island\/","title":{"rendered":"ISLAND"},"content":{"rendered":"<p>Impermeable de coll alt amb cremallera completa.<br \/>\n1.- Caputxa plegada al coll amb cordons.<br \/>\n2.- Dues butxaques amb solapa i cremallera.<br \/>\n3.- Punys el\u00e0stics.<br \/>\n4.- Baixos amb cordons ajustables i topalls.<br \/>\n5.- Goma el\u00e0stica a l&#8217;interior de la butxaca per a plegar-lo i guardar-lo.<br \/>Composition: 100% poli\u00e8ster tafet\u00e0, 70 g\/m\u00b2. <br \/>Remarks: *Etiqueta extra\u00efble.<br \/>\n*Resistent a l&#8217;aigua.<br \/>\n<br \/><img decoding=\"async\" src=\"https:\/\/static.gorfactory.es\/pics\/measures\/CB_HO.jpg\"><\/p>\n","protected":false},"excerpt":{"rendered":"<p>Impermeable de coll alt amb cremallera completa. 1.- Caputxa plegada al coll amb cordons. 2.- Dues butxaques amb solapa i cremallera. 3.- Punys el\u00e0stics. 4.- Baixos amb cordons ajustables i topalls. 5.- Goma el\u00e0stica a l&#8217;interior de la butxaca per a plegar-lo i guardar-lo.Composition: 100% poli\u00e8ster tafet\u00e0, 70 g\/m\u00b2. Remarks: *Etiqueta extra\u00efble. *Resistent a l&#8217;aigua.<\/p>\n","protected":false},"featured_media":29520,"template":"","meta":{"_joinchat":[]},"product_brand":[],"product_cat":[1088,1165,1108,1097],"product_tag":[],"class_list":{"0":"post-29519","1":"product","2":"type-product","3":"status-publish","4":"has-post-thumbnail","6":"product_cat-coats","7":"product_cat-basic","8":"product_cat-chuba","9":"product_cat-workwear","10":"tm-no-options-pxq","12":"first","13":"instock","14":"taxable","15":"shipping-taxable","16":"purchasable","17":"product-type-variable"},"_links":{"self":[{"href":"https:\/\/uniformelaboral.com\/index.php\/wp-json\/wp\/v2\/product\/29519","targetHints":{"allow":["GET"]}}],"collection":[{"href":"https:\/\/uniformelaboral.com\/index.php\/wp-json\/wp\/v2\/product"}],"about":[{"href":"https:\/\/uniformelaboral.com\/index.php\/wp-json\/wp\/v2\/types\/product"}],"wp:featuredmedia":[{"embeddable":true,"href":"https:\/\/uniformelaboral.com\/index.php\/wp-json\/wp\/v2\/media\/29520"}],"wp:attachment":[{"href":"https:\/\/uniformelaboral.com\/index.php\/wp-json\/wp\/v2\/media?parent=29519"}],"wp:term":[{"taxonomy":"product_brand","embeddable":true,"href":"https:\/\/uniformelaboral.com\/index.php\/wp-json\/wp\/v2\/product_brand?post=29519"},{"taxonomy":"product_cat","embeddable":true,"href":"https:\/\/uniformelaboral.com\/index.php\/wp-json\/wp\/v2\/product_cat?post=29519"},{"taxonomy":"product_tag","embeddable":true,"href":"https:\/\/uniformelaboral.com\/index.php\/wp-json\/wp\/v2\/product_tag?post=29519"}],"curies":[{"name":"wp","href":"https:\/\/api.w.org\/{rel}","templated":true}]}}