{"id":29445,"date":"2025-02-26T13:36:29","date_gmt":"2025-02-26T12:36:29","guid":{"rendered":"https:\/\/uniformelaboral.com\/index.php\/producto\/angelo\/"},"modified":"2025-02-26T13:37:59","modified_gmt":"2025-02-26T12:37:59","slug":"angelo","status":"publish","type":"product","link":"https:\/\/uniformelaboral.com\/index.php\/producto\/angelo\/","title":{"rendered":"ANGELO"},"content":{"rendered":"<p>Tallavent amb caputxa:<br \/>\n1.- Cremallera completa en contrast amb protector de barbeta i tirador.<br \/>\n2.- Butxaques davanteres amb rivet reflectant (no inclosa al color camuflatge).<br \/>\n3.- Butxaca cangur a l&#8217;esquena per guardar la pe\u00e7a, amb tancament de velcro.<br \/>\n4.- M\u00e0nigues i baixos de la pe\u00e7a amb cinta el\u00e0stica en contrast.<br \/>\n5.- Interior de caputxa amb folre de reixeta i tapacostures.<br \/>\nColor Camuflatge Bosc (232) disponible en talla XS, no disponible en talles per nens.<br \/>Composition: 100% poli\u00e8ster,  60 g\/m\u00b2<br \/>Remarks: *Etiqueta extra\u00efble.<br \/>\n*Model a prova de vent.<br \/>\n*Disponible en talles infantils.<br \/><img decoding=\"async\" src=\"https:\/\/static.gorfactory.es\/pics\/measures\/CB5088.jpg\"><\/p>\n","protected":false},"excerpt":{"rendered":"<p>Tallavent amb caputxa: 1.- Cremallera completa en contrast amb protector de barbeta i tirador. 2.- Butxaques davanteres amb rivet reflectant (no inclosa al color camuflatge). 3.- Butxaca cangur a l&#8217;esquena per guardar la pe\u00e7a, amb tancament de velcro. 4.- M\u00e0nigues i baixos de la pe\u00e7a amb cinta el\u00e0stica en contrast. 5.- Interior de caputxa amb [&hellip;]<\/p>\n","protected":false},"featured_media":29446,"template":"","meta":{"_joinchat":[]},"product_brand":[],"product_cat":[654,1072],"product_tag":[],"class_list":{"0":"post-29445","1":"product","2":"type-product","3":"status-publish","4":"has-post-thumbnail","6":"product_cat-sports-indumentaria-base","7":"product_cat-wint_sp","8":"tm-no-options-pxq","10":"first","11":"instock","12":"taxable","13":"shipping-taxable","14":"purchasable","15":"product-type-variable"},"_links":{"self":[{"href":"https:\/\/uniformelaboral.com\/index.php\/wp-json\/wp\/v2\/product\/29445","targetHints":{"allow":["GET"]}}],"collection":[{"href":"https:\/\/uniformelaboral.com\/index.php\/wp-json\/wp\/v2\/product"}],"about":[{"href":"https:\/\/uniformelaboral.com\/index.php\/wp-json\/wp\/v2\/types\/product"}],"wp:featuredmedia":[{"embeddable":true,"href":"https:\/\/uniformelaboral.com\/index.php\/wp-json\/wp\/v2\/media\/29446"}],"wp:attachment":[{"href":"https:\/\/uniformelaboral.com\/index.php\/wp-json\/wp\/v2\/media?parent=29445"}],"wp:term":[{"taxonomy":"product_brand","embeddable":true,"href":"https:\/\/uniformelaboral.com\/index.php\/wp-json\/wp\/v2\/product_brand?post=29445"},{"taxonomy":"product_cat","embeddable":true,"href":"https:\/\/uniformelaboral.com\/index.php\/wp-json\/wp\/v2\/product_cat?post=29445"},{"taxonomy":"product_tag","embeddable":true,"href":"https:\/\/uniformelaboral.com\/index.php\/wp-json\/wp\/v2\/product_tag?post=29445"}],"curies":[{"name":"wp","href":"https:\/\/api.w.org\/{rel}","templated":true}]}}