{"id":29356,"date":"2025-02-26T13:34:38","date_gmt":"2025-02-26T12:34:38","guid":{"rendered":"https:\/\/uniformelaboral.com\/index.php\/producto\/panacea\/"},"modified":"2025-02-26T13:36:28","modified_gmt":"2025-02-26T12:36:28","slug":"panacea","status":"publish","type":"product","link":"https:\/\/uniformelaboral.com\/index.php\/producto\/panacea\/","title":{"rendered":"PANACEA"},"content":{"rendered":"<p>Jaqueta de serveis unisex de m\u00e0niga curta i escot en pic creuat. Una butxaca al pit i dues butxaques laterals. Obertures laterals.<br \/>Composition: 65% poli\u00e8ster \/ 35% cot\u00f3 Sarga, 160 g\/m\u00b2.<br \/>Remarks: Jaqueta per combinar amb pantal\u00f3 VADEMECUM.<br \/>\n*Etiqueta extra\u00efble.<br \/>\n*Model unisex.<br \/>\n*Laboratori.<br \/>\n*Sanitat.<br \/>\n*Est\u00e8tica.<br \/>\n*Alimentaci\u00f3.<br \/>\n*Neteja.<br \/><img decoding=\"async\" src=\"https:\/\/static.gorfactory.es\/pics\/measures\/CA_MC_HO.jpg\"><\/p>\n","protected":false},"excerpt":{"rendered":"<p>Jaqueta de serveis unisex de m\u00e0niga curta i escot en pic creuat. Una butxaca al pit i dues butxaques laterals. Obertures laterals.Composition: 65% poli\u00e8ster \/ 35% cot\u00f3 Sarga, 160 g\/m\u00b2.Remarks: Jaqueta per combinar amb pantal\u00f3 VADEMECUM. *Etiqueta extra\u00efble. *Model unisex. *Laboratori. *Sanitat. *Est\u00e8tica. *Alimentaci\u00f3. *Neteja.<\/p>\n","protected":false},"featured_media":29357,"template":"","meta":{"_joinchat":[]},"product_brand":[],"product_cat":[1124,1121,1097],"product_tag":[],"class_list":{"0":"post-29356","1":"product","2":"type-product","3":"status-publish","4":"has-post-thumbnail","6":"product_cat-sanitarycasaca","7":"product_cat-san_est","8":"product_cat-workwear","9":"tm-no-options-pxq","11":"first","12":"instock","13":"taxable","14":"shipping-taxable","15":"purchasable","16":"product-type-variable"},"_links":{"self":[{"href":"https:\/\/uniformelaboral.com\/index.php\/wp-json\/wp\/v2\/product\/29356","targetHints":{"allow":["GET"]}}],"collection":[{"href":"https:\/\/uniformelaboral.com\/index.php\/wp-json\/wp\/v2\/product"}],"about":[{"href":"https:\/\/uniformelaboral.com\/index.php\/wp-json\/wp\/v2\/types\/product"}],"wp:featuredmedia":[{"embeddable":true,"href":"https:\/\/uniformelaboral.com\/index.php\/wp-json\/wp\/v2\/media\/29357"}],"wp:attachment":[{"href":"https:\/\/uniformelaboral.com\/index.php\/wp-json\/wp\/v2\/media?parent=29356"}],"wp:term":[{"taxonomy":"product_brand","embeddable":true,"href":"https:\/\/uniformelaboral.com\/index.php\/wp-json\/wp\/v2\/product_brand?post=29356"},{"taxonomy":"product_cat","embeddable":true,"href":"https:\/\/uniformelaboral.com\/index.php\/wp-json\/wp\/v2\/product_cat?post=29356"},{"taxonomy":"product_tag","embeddable":true,"href":"https:\/\/uniformelaboral.com\/index.php\/wp-json\/wp\/v2\/product_tag?post=29356"}],"curies":[{"name":"wp","href":"https:\/\/api.w.org\/{rel}","templated":true}]}}