{"id":29218,"date":"2025-02-26T13:31:55","date_gmt":"2025-02-26T12:31:55","guid":{"rendered":"https:\/\/uniformelaboral.com\/index.php\/producto\/ferox-woman\/"},"modified":"2025-02-26T13:33:21","modified_gmt":"2025-02-26T12:33:21","slug":"ferox-woman","status":"publish","type":"product","link":"https:\/\/uniformelaboral.com\/index.php\/producto\/ferox-woman\/","title":{"rendered":"FEROX WOMAN"},"content":{"rendered":"<p>Casaca de serveis de m\u00e0niga curta de dona.<br \/>\n\u00b7 Escot en pic creuat.<br \/>\n\u00b7 Dues butxaques franceses.<br \/>Composition: 94% poli\u00e8ster \/ 6% elast\u00e0, 170 g\/m\u00b2.<br \/>Remarks: Casaca per combinar amb pantalons FIBER.<br \/>\n*Etiqueta extra\u00efble.<br \/>\n*Duo concept.<br \/>\n*Laboratori.<br \/>\n*Sanitat.<br \/>\n*Est\u00e8tica.<br \/>\n*Alimentaci\u00f3.<br \/>\n*Neteja.<br \/><img decoding=\"async\" src=\"https:\/\/static.gorfactory.es\/pics\/measures\/CA_MC_MU.jpg\"><\/p>\n","protected":false},"excerpt":{"rendered":"<p>Casaca de serveis de m\u00e0niga curta de dona. \u00b7 Escot en pic creuat. \u00b7 Dues butxaques franceses.Composition: 94% poli\u00e8ster \/ 6% elast\u00e0, 170 g\/m\u00b2.Remarks: Casaca per combinar amb pantalons FIBER. *Etiqueta extra\u00efble. *Duo concept. *Laboratori. *Sanitat. *Est\u00e8tica. *Alimentaci\u00f3. *Neteja.<\/p>\n","protected":false},"featured_media":29219,"template":"","meta":{"_joinchat":[]},"product_brand":[],"product_cat":[1124,1121,1097],"product_tag":[],"class_list":{"0":"post-29218","1":"product","2":"type-product","3":"status-publish","4":"has-post-thumbnail","6":"product_cat-sanitarycasaca","7":"product_cat-san_est","8":"product_cat-workwear","9":"tm-no-options-pxq","11":"first","12":"instock","13":"taxable","14":"shipping-taxable","15":"purchasable","16":"product-type-variable"},"_links":{"self":[{"href":"https:\/\/uniformelaboral.com\/index.php\/wp-json\/wp\/v2\/product\/29218","targetHints":{"allow":["GET"]}}],"collection":[{"href":"https:\/\/uniformelaboral.com\/index.php\/wp-json\/wp\/v2\/product"}],"about":[{"href":"https:\/\/uniformelaboral.com\/index.php\/wp-json\/wp\/v2\/types\/product"}],"wp:featuredmedia":[{"embeddable":true,"href":"https:\/\/uniformelaboral.com\/index.php\/wp-json\/wp\/v2\/media\/29219"}],"wp:attachment":[{"href":"https:\/\/uniformelaboral.com\/index.php\/wp-json\/wp\/v2\/media?parent=29218"}],"wp:term":[{"taxonomy":"product_brand","embeddable":true,"href":"https:\/\/uniformelaboral.com\/index.php\/wp-json\/wp\/v2\/product_brand?post=29218"},{"taxonomy":"product_cat","embeddable":true,"href":"https:\/\/uniformelaboral.com\/index.php\/wp-json\/wp\/v2\/product_cat?post=29218"},{"taxonomy":"product_tag","embeddable":true,"href":"https:\/\/uniformelaboral.com\/index.php\/wp-json\/wp\/v2\/product_tag?post=29218"}],"curies":[{"name":"wp","href":"https:\/\/api.w.org\/{rel}","templated":true}]}}