{"id":28666,"date":"2025-02-26T13:18:44","date_gmt":"2025-02-26T12:18:44","guid":{"rendered":"https:\/\/uniformelaboral.com\/index.php\/producto\/husky-woman\/"},"modified":"2025-02-26T13:19:29","modified_gmt":"2025-02-26T12:19:29","slug":"husky-woman","status":"publish","type":"product","link":"https:\/\/uniformelaboral.com\/index.php\/producto\/husky-woman\/","title":{"rendered":"HUSKY WOMAN"},"content":{"rendered":"<p>Samarreta de m\u00e0niga curta efecte jeans per dona. Coll prim en  canal\u00e9 1&#215;1, amb cobreix costures de refor\u00e7  d&#8217;espatlla a espatlla. Doble costura a sises. Obertura de m\u00e0niga amb vora.<br \/>Composition: 100% cot\u00f3, 160 g\/m\u00b2.<br \/>Remarks: L&#8217;acabat i la toanlitat d&#8217;aquesta pe\u00e7a pot variar dins d&#8217;una mateixa comanda.<br \/>\n*Etiqueta adhesiva.<br \/>\n*Duo concept.<br \/><img decoding=\"async\" src=\"https:\/\/static.gorfactory.es\/pics\/measures\/CA_MC_MU.jpg\"><\/p>\n","protected":false},"excerpt":{"rendered":"<p>Samarreta de m\u00e0niga curta efecte jeans per dona. Coll prim en canal\u00e9 1&#215;1, amb cobreix costures de refor\u00e7 d&#8217;espatlla a espatlla. Doble costura a sises. Obertura de m\u00e0niga amb vora.Composition: 100% cot\u00f3, 160 g\/m\u00b2.Remarks: L&#8217;acabat i la toanlitat d&#8217;aquesta pe\u00e7a pot variar dins d&#8217;una mateixa comanda. *Etiqueta adhesiva. *Duo concept.<\/p>\n","protected":false},"featured_media":28667,"template":"","meta":{"_joinchat":[]},"product_brand":[],"product_cat":[1165,1079,1080,1076,1097],"product_tag":[],"class_list":{"0":"post-28666","1":"product","2":"type-product","3":"status-publish","4":"has-post-thumbnail","6":"product_cat-basic","7":"product_cat-t_shirts","8":"product_cat-cam","9":"product_cat-cam_po","10":"product_cat-workwear","11":"tm-no-options-pxq","13":"first","14":"instock","15":"taxable","16":"shipping-taxable","17":"purchasable","18":"product-type-variable"},"_links":{"self":[{"href":"https:\/\/uniformelaboral.com\/index.php\/wp-json\/wp\/v2\/product\/28666","targetHints":{"allow":["GET"]}}],"collection":[{"href":"https:\/\/uniformelaboral.com\/index.php\/wp-json\/wp\/v2\/product"}],"about":[{"href":"https:\/\/uniformelaboral.com\/index.php\/wp-json\/wp\/v2\/types\/product"}],"wp:featuredmedia":[{"embeddable":true,"href":"https:\/\/uniformelaboral.com\/index.php\/wp-json\/wp\/v2\/media\/28667"}],"wp:attachment":[{"href":"https:\/\/uniformelaboral.com\/index.php\/wp-json\/wp\/v2\/media?parent=28666"}],"wp:term":[{"taxonomy":"product_brand","embeddable":true,"href":"https:\/\/uniformelaboral.com\/index.php\/wp-json\/wp\/v2\/product_brand?post=28666"},{"taxonomy":"product_cat","embeddable":true,"href":"https:\/\/uniformelaboral.com\/index.php\/wp-json\/wp\/v2\/product_cat?post=28666"},{"taxonomy":"product_tag","embeddable":true,"href":"https:\/\/uniformelaboral.com\/index.php\/wp-json\/wp\/v2\/product_tag?post=28666"}],"curies":[{"name":"wp","href":"https:\/\/api.w.org\/{rel}","templated":true}]}}