{"id":28548,"date":"2025-02-26T13:15:53","date_gmt":"2025-02-26T12:15:53","guid":{"rendered":"https:\/\/uniformelaboral.com\/index.php\/producto\/golden\/"},"modified":"2025-02-26T13:18:44","modified_gmt":"2025-02-26T12:18:44","slug":"golden","status":"publish","type":"product","link":"https:\/\/uniformelaboral.com\/index.php\/producto\/golden\/","title":{"rendered":"GOLDEN"},"content":{"rendered":"<p>Samarreta tubular de m\u00e0niga curta amb Cot\u00f3 Org\u00e0nic. Coll rod\u00f3 amb Rib 1&#215;1. Repuntat decoratiu a baix i m\u00e0nigues.<br \/>Composition: 100% Cot\u00f3 Org\u00e0nic Pentinat, punt llis. Color: 160 g \/ m\u00b2. Blanc: 170 g \/ m\u00b2.<br \/>\nColor gris vigor\u00e9: 85% cot\u00f3 org\u00e0nic \/ 15% viscosa<br \/>Remarks: * Etiqueta extra\u00efble ECO<br \/>\n* Duo concept.<br \/><img decoding=\"async\" src=\"https:\/\/static.gorfactory.es\/pics\/measures\/CA_MC_HO.jpg\"><\/p>\n","protected":false},"excerpt":{"rendered":"<p>Samarreta tubular de m\u00e0niga curta amb Cot\u00f3 Org\u00e0nic. Coll rod\u00f3 amb Rib 1&#215;1. Repuntat decoratiu a baix i m\u00e0nigues.Composition: 100% Cot\u00f3 Org\u00e0nic Pentinat, punt llis. Color: 160 g \/ m\u00b2. Blanc: 170 g \/ m\u00b2. Color gris vigor\u00e9: 85% cot\u00f3 org\u00e0nic \/ 15% viscosaRemarks: * Etiqueta extra\u00efble ECO * Duo concept.<\/p>\n","protected":false},"featured_media":28549,"template":"","meta":{"_joinchat":[]},"product_brand":[],"product_cat":[1079,1080,1076,1067],"product_tag":[],"class_list":{"0":"post-28548","1":"product","2":"type-product","3":"status-publish","4":"has-post-thumbnail","6":"product_cat-t_shirts","7":"product_cat-cam","8":"product_cat-cam_po","9":"product_cat-rolyeco","10":"tm-no-options-pxq","12":"first","13":"instock","14":"taxable","15":"shipping-taxable","16":"purchasable","17":"product-type-variable"},"_links":{"self":[{"href":"https:\/\/uniformelaboral.com\/index.php\/wp-json\/wp\/v2\/product\/28548","targetHints":{"allow":["GET"]}}],"collection":[{"href":"https:\/\/uniformelaboral.com\/index.php\/wp-json\/wp\/v2\/product"}],"about":[{"href":"https:\/\/uniformelaboral.com\/index.php\/wp-json\/wp\/v2\/types\/product"}],"wp:featuredmedia":[{"embeddable":true,"href":"https:\/\/uniformelaboral.com\/index.php\/wp-json\/wp\/v2\/media\/28549"}],"wp:attachment":[{"href":"https:\/\/uniformelaboral.com\/index.php\/wp-json\/wp\/v2\/media?parent=28548"}],"wp:term":[{"taxonomy":"product_brand","embeddable":true,"href":"https:\/\/uniformelaboral.com\/index.php\/wp-json\/wp\/v2\/product_brand?post=28548"},{"taxonomy":"product_cat","embeddable":true,"href":"https:\/\/uniformelaboral.com\/index.php\/wp-json\/wp\/v2\/product_cat?post=28548"},{"taxonomy":"product_tag","embeddable":true,"href":"https:\/\/uniformelaboral.com\/index.php\/wp-json\/wp\/v2\/product_tag?post=28548"}],"curies":[{"name":"wp","href":"https:\/\/api.w.org\/{rel}","templated":true}]}}