{"id":28514,"date":"2025-02-26T13:15:08","date_gmt":"2025-02-26T12:15:08","guid":{"rendered":"https:\/\/uniformelaboral.com\/index.php\/producto\/husky\/"},"modified":"2025-02-26T13:15:53","modified_gmt":"2025-02-26T12:15:53","slug":"husky","status":"publish","type":"product","link":"https:\/\/uniformelaboral.com\/index.php\/producto\/husky\/","title":{"rendered":"HUSKY"},"content":{"rendered":"<p>Samarreta de m\u00e0niga curta efecte jeans. Coll rod\u00f3 canal\u00e9 1&#215;1, amb cobreix costures de refor\u00e7 interior d&#8217;espatlla a espatlla. Doble costura a sises. Obertura de m\u00e0niga amb vora.<br \/>Composition: 100% cot\u00f3, 160 g\/m\u00b2.<br \/>Remarks: L&#8217;acabat i la tonalitat d&#8217;aquesta pe\u00e7a pot variar dins d&#8217;una mateixa comanda.<br \/>\n*Etiqueta adhesiva.<br \/>\n*Duo concept.<br \/><img decoding=\"async\" src=\"https:\/\/static.gorfactory.es\/pics\/measures\/CA_MC_HO.jpg\"><\/p>\n","protected":false},"excerpt":{"rendered":"<p>Samarreta de m\u00e0niga curta efecte jeans. Coll rod\u00f3 canal\u00e9 1&#215;1, amb cobreix costures de refor\u00e7 interior d&#8217;espatlla a espatlla. Doble costura a sises. Obertura de m\u00e0niga amb vora.Composition: 100% cot\u00f3, 160 g\/m\u00b2.Remarks: L&#8217;acabat i la tonalitat d&#8217;aquesta pe\u00e7a pot variar dins d&#8217;una mateixa comanda. *Etiqueta adhesiva. *Duo concept.<\/p>\n","protected":false},"featured_media":28515,"template":"","meta":{"_joinchat":[]},"product_brand":[],"product_cat":[1165,1079,1080,1076,1097],"product_tag":[],"class_list":{"0":"post-28514","1":"product","2":"type-product","3":"status-publish","4":"has-post-thumbnail","6":"product_cat-basic","7":"product_cat-t_shirts","8":"product_cat-cam","9":"product_cat-cam_po","10":"product_cat-workwear","11":"tm-no-options-pxq","13":"first","14":"instock","15":"taxable","16":"shipping-taxable","17":"purchasable","18":"product-type-variable"},"_links":{"self":[{"href":"https:\/\/uniformelaboral.com\/index.php\/wp-json\/wp\/v2\/product\/28514","targetHints":{"allow":["GET"]}}],"collection":[{"href":"https:\/\/uniformelaboral.com\/index.php\/wp-json\/wp\/v2\/product"}],"about":[{"href":"https:\/\/uniformelaboral.com\/index.php\/wp-json\/wp\/v2\/types\/product"}],"wp:featuredmedia":[{"embeddable":true,"href":"https:\/\/uniformelaboral.com\/index.php\/wp-json\/wp\/v2\/media\/28515"}],"wp:attachment":[{"href":"https:\/\/uniformelaboral.com\/index.php\/wp-json\/wp\/v2\/media?parent=28514"}],"wp:term":[{"taxonomy":"product_brand","embeddable":true,"href":"https:\/\/uniformelaboral.com\/index.php\/wp-json\/wp\/v2\/product_brand?post=28514"},{"taxonomy":"product_cat","embeddable":true,"href":"https:\/\/uniformelaboral.com\/index.php\/wp-json\/wp\/v2\/product_cat?post=28514"},{"taxonomy":"product_tag","embeddable":true,"href":"https:\/\/uniformelaboral.com\/index.php\/wp-json\/wp\/v2\/product_tag?post=28514"}],"curies":[{"name":"wp","href":"https:\/\/api.w.org\/{rel}","templated":true}]}}