{"id":28474,"date":"2025-02-26T13:14:19","date_gmt":"2025-02-26T12:14:19","guid":{"rendered":"https:\/\/uniformelaboral.com\/index.php\/producto\/dominica\/"},"modified":"2025-02-26T13:15:08","modified_gmt":"2025-02-26T12:15:08","slug":"dominica","status":"publish","type":"product","link":"https:\/\/uniformelaboral.com\/index.php\/producto\/dominica\/","title":{"rendered":"DOMINICA"},"content":{"rendered":"<p>Samarreta de tall curt i ample per dona de m\u00e0niga curta. Coll rod\u00f3 amb rivet ample en canal\u00e9 1&#215;1. Tapacostures refor\u00e7at a to.<br \/>Composition: 100% cot\u00f3, punt llis 170 g\/m\u00b2.<br \/>\n*Color rosa lady fl\u00faor 125: 65% poli\u00e8ster \/ 35% cot\u00f3<br \/>Remarks: *Etiqueta extra\u00efble.<br \/><img decoding=\"async\" src=\"https:\/\/static.gorfactory.es\/pics\/measures\/CA_MC_MU.jpg\"><\/p>\n","protected":false},"excerpt":{"rendered":"<p>Samarreta de tall curt i ample per dona de m\u00e0niga curta. Coll rod\u00f3 amb rivet ample en canal\u00e9 1&#215;1. Tapacostures refor\u00e7at a to.Composition: 100% cot\u00f3, punt llis 170 g\/m\u00b2. *Color rosa lady fl\u00faor 125: 65% poli\u00e8ster \/ 35% cot\u00f3Remarks: *Etiqueta extra\u00efble.<\/p>\n","protected":false},"featured_media":28475,"template":"","meta":{"_joinchat":[]},"product_brand":[],"product_cat":[1079,1080,1076],"product_tag":[],"class_list":{"0":"post-28474","1":"product","2":"type-product","3":"status-publish","4":"has-post-thumbnail","6":"product_cat-t_shirts","7":"product_cat-cam","8":"product_cat-cam_po","9":"tm-no-options-pxq","11":"first","12":"instock","13":"taxable","14":"shipping-taxable","15":"purchasable","16":"product-type-variable"},"_links":{"self":[{"href":"https:\/\/uniformelaboral.com\/index.php\/wp-json\/wp\/v2\/product\/28474","targetHints":{"allow":["GET"]}}],"collection":[{"href":"https:\/\/uniformelaboral.com\/index.php\/wp-json\/wp\/v2\/product"}],"about":[{"href":"https:\/\/uniformelaboral.com\/index.php\/wp-json\/wp\/v2\/types\/product"}],"wp:featuredmedia":[{"embeddable":true,"href":"https:\/\/uniformelaboral.com\/index.php\/wp-json\/wp\/v2\/media\/28475"}],"wp:attachment":[{"href":"https:\/\/uniformelaboral.com\/index.php\/wp-json\/wp\/v2\/media?parent=28474"}],"wp:term":[{"taxonomy":"product_brand","embeddable":true,"href":"https:\/\/uniformelaboral.com\/index.php\/wp-json\/wp\/v2\/product_brand?post=28474"},{"taxonomy":"product_cat","embeddable":true,"href":"https:\/\/uniformelaboral.com\/index.php\/wp-json\/wp\/v2\/product_cat?post=28474"},{"taxonomy":"product_tag","embeddable":true,"href":"https:\/\/uniformelaboral.com\/index.php\/wp-json\/wp\/v2\/product_tag?post=28474"}],"curies":[{"name":"wp","href":"https:\/\/api.w.org\/{rel}","templated":true}]}}