{"id":28221,"date":"2025-02-26T13:07:10","date_gmt":"2025-02-26T12:07:10","guid":{"rendered":"https:\/\/uniformelaboral.com\/index.php\/producto\/capri\/"},"modified":"2025-02-26T13:14:18","modified_gmt":"2025-02-26T12:14:18","slug":"capri","status":"publish","type":"product","link":"https:\/\/uniformelaboral.com\/index.php\/producto\/capri\/","title":{"rendered":"CAPRI"},"content":{"rendered":"<p>Samarreta de m\u00e0niga curta entallada per dona. Coll rod\u00f3 en canal\u00e9 1&#215;1. Tapa costures refor\u00e7at al coll.<br \/>Composition: 100% cot\u00f3, 170 g\/m\u00b2.<br \/>\nColor gris vigor\u00e9 58: 85% cot\u00f3 \/ 15% viscosa.<br \/>Remarks: *Etiqueta extra\u00efble. <br \/><img decoding=\"async\" src=\"https:\/\/static.gorfactory.es\/pics\/measures\/CA_MC_MU.jpg\"><\/p>\n","protected":false},"excerpt":{"rendered":"<p>Samarreta de m\u00e0niga curta entallada per dona. Coll rod\u00f3 en canal\u00e9 1&#215;1. Tapa costures refor\u00e7at al coll.Composition: 100% cot\u00f3, 170 g\/m\u00b2. Color gris vigor\u00e9 58: 85% cot\u00f3 \/ 15% viscosa.Remarks: *Etiqueta extra\u00efble.<\/p>\n","protected":false},"featured_media":28222,"template":"","meta":{"_joinchat":[]},"product_brand":[],"product_cat":[1165,1079,1080,1076,1097],"product_tag":[],"class_list":{"0":"post-28221","1":"product","2":"type-product","3":"status-publish","4":"has-post-thumbnail","6":"product_cat-basic","7":"product_cat-t_shirts","8":"product_cat-cam","9":"product_cat-cam_po","10":"product_cat-workwear","11":"tm-no-options-pxq","13":"first","14":"instock","15":"taxable","16":"shipping-taxable","17":"purchasable","18":"product-type-variable"},"_links":{"self":[{"href":"https:\/\/uniformelaboral.com\/index.php\/wp-json\/wp\/v2\/product\/28221","targetHints":{"allow":["GET"]}}],"collection":[{"href":"https:\/\/uniformelaboral.com\/index.php\/wp-json\/wp\/v2\/product"}],"about":[{"href":"https:\/\/uniformelaboral.com\/index.php\/wp-json\/wp\/v2\/types\/product"}],"wp:featuredmedia":[{"embeddable":true,"href":"https:\/\/uniformelaboral.com\/index.php\/wp-json\/wp\/v2\/media\/28222"}],"wp:attachment":[{"href":"https:\/\/uniformelaboral.com\/index.php\/wp-json\/wp\/v2\/media?parent=28221"}],"wp:term":[{"taxonomy":"product_brand","embeddable":true,"href":"https:\/\/uniformelaboral.com\/index.php\/wp-json\/wp\/v2\/product_brand?post=28221"},{"taxonomy":"product_cat","embeddable":true,"href":"https:\/\/uniformelaboral.com\/index.php\/wp-json\/wp\/v2\/product_cat?post=28221"},{"taxonomy":"product_tag","embeddable":true,"href":"https:\/\/uniformelaboral.com\/index.php\/wp-json\/wp\/v2\/product_tag?post=28221"}],"curies":[{"name":"wp","href":"https:\/\/api.w.org\/{rel}","templated":true}]}}