{"id":27799,"date":"2025-02-26T12:53:11","date_gmt":"2025-02-26T11:53:11","guid":{"rendered":"https:\/\/uniformelaboral.com\/index.php\/producto\/stafford\/"},"modified":"2025-02-26T13:07:09","modified_gmt":"2025-02-26T12:07:09","slug":"stafford","status":"publish","type":"product","link":"https:\/\/uniformelaboral.com\/index.php\/producto\/stafford\/","title":{"rendered":"STAFFORD"},"content":{"rendered":"<p>Samarreta tubular de m\u00e0niga curta. Coll rod\u00f3 amb elast\u00e0. Costures laterals en talles de nen.<br \/>Composition: 100% Cot\u00f3 cardat i bany enzim\u00e0tic, punt llis, 190 g \/ m\u00b2.<br \/>\nColor gris vigor\u00e9: 85% cot\u00f3 \/ 15% viscosa<br \/>Remarks: * Etiqueta extra\u00efble.<br \/>\n* Disponible en talles infantils.<br \/><img decoding=\"async\" src=\"https:\/\/static.gorfactory.es\/pics\/measures\/CA_MC_HO.jpg\"><\/p>\n","protected":false},"excerpt":{"rendered":"<p>Samarreta tubular de m\u00e0niga curta. Coll rod\u00f3 amb elast\u00e0. Costures laterals en talles de nen.Composition: 100% Cot\u00f3 cardat i bany enzim\u00e0tic, punt llis, 190 g \/ m\u00b2. Color gris vigor\u00e9: 85% cot\u00f3 \/ 15% viscosaRemarks: * Etiqueta extra\u00efble. * Disponible en talles infantils.<\/p>\n","protected":false},"featured_media":27800,"template":"","meta":{"_joinchat":[]},"product_brand":[],"product_cat":[1165,1079,1080,1076,1097],"product_tag":[],"class_list":{"0":"post-27799","1":"product","2":"type-product","3":"status-publish","4":"has-post-thumbnail","6":"product_cat-basic","7":"product_cat-t_shirts","8":"product_cat-cam","9":"product_cat-cam_po","10":"product_cat-workwear","11":"tm-no-options-pxq","13":"first","14":"instock","15":"taxable","16":"shipping-taxable","17":"purchasable","18":"product-type-variable"},"_links":{"self":[{"href":"https:\/\/uniformelaboral.com\/index.php\/wp-json\/wp\/v2\/product\/27799","targetHints":{"allow":["GET"]}}],"collection":[{"href":"https:\/\/uniformelaboral.com\/index.php\/wp-json\/wp\/v2\/product"}],"about":[{"href":"https:\/\/uniformelaboral.com\/index.php\/wp-json\/wp\/v2\/types\/product"}],"wp:featuredmedia":[{"embeddable":true,"href":"https:\/\/uniformelaboral.com\/index.php\/wp-json\/wp\/v2\/media\/27800"}],"wp:attachment":[{"href":"https:\/\/uniformelaboral.com\/index.php\/wp-json\/wp\/v2\/media?parent=27799"}],"wp:term":[{"taxonomy":"product_brand","embeddable":true,"href":"https:\/\/uniformelaboral.com\/index.php\/wp-json\/wp\/v2\/product_brand?post=27799"},{"taxonomy":"product_cat","embeddable":true,"href":"https:\/\/uniformelaboral.com\/index.php\/wp-json\/wp\/v2\/product_cat?post=27799"},{"taxonomy":"product_tag","embeddable":true,"href":"https:\/\/uniformelaboral.com\/index.php\/wp-json\/wp\/v2\/product_tag?post=27799"}],"curies":[{"name":"wp","href":"https:\/\/api.w.org\/{rel}","templated":true}]}}