{"id":27728,"date":"2025-02-26T12:51:45","date_gmt":"2025-02-26T11:51:45","guid":{"rendered":"https:\/\/uniformelaboral.com\/index.php\/producto\/zolder-woman\/"},"modified":"2025-02-26T12:52:42","modified_gmt":"2025-02-26T11:52:42","slug":"zolder-woman","status":"publish","type":"product","link":"https:\/\/uniformelaboral.com\/index.php\/producto\/zolder-woman\/","title":{"rendered":"ZOLDER WOMAN"},"content":{"rendered":"<p>Samarreta de m\u00e0niga curta per dona.<br \/>\n1. Coll rod\u00f3.<br \/>\n2. Combinat a l&#8217;esquena, espatlles i m\u00e0nigues amb dos teixits de poli\u00e8ster.<br \/>\n3. Teixit principal frontal bird&#8217;s eye i teixit space dye a la part posterior.<br \/>\n4. Patronatge a l&#8217;esquena lleugerament m\u00e9s llarg.<br \/>Composition: Teixit davanter: 100% poli\u00e8ster bird\u00b4s eye. Teixit posterior: 100% poli\u00e8ster space dye, 135 g\/m\u00b2.<br \/>Remarks: Model transpirable i de f\u00e0cil assecat.<br \/>\n*Etiqueta extra\u00efble.<br \/>\n*Teixit t\u00e8cnic.<br \/>\n*Model transpirable.<br \/>\n*Duo concept. <br \/><img decoding=\"async\" src=\"https:\/\/static.gorfactory.es\/pics\/measures\/CA_MC_MU.jpg\"><\/p>\n","protected":false},"excerpt":{"rendered":"<p>Samarreta de m\u00e0niga curta per dona. 1. Coll rod\u00f3. 2. Combinat a l&#8217;esquena, espatlles i m\u00e0nigues amb dos teixits de poli\u00e8ster. 3. Teixit principal frontal bird&#8217;s eye i teixit space dye a la part posterior. 4. Patronatge a l&#8217;esquena lleugerament m\u00e9s llarg.Composition: Teixit davanter: 100% poli\u00e8ster bird\u00b4s eye. Teixit posterior: 100% poli\u00e8ster space dye, 135 [&hellip;]<\/p>\n","protected":false},"featured_media":27729,"template":"","meta":{"_joinchat":[]},"product_brand":[],"product_cat":[1065,654],"product_tag":[],"class_list":{"0":"post-27728","1":"product","2":"type-product","3":"status-publish","4":"has-post-thumbnail","6":"product_cat-cam_sp","7":"product_cat-sports-indumentaria-base","8":"tm-no-options-pxq","10":"first","11":"instock","12":"taxable","13":"shipping-taxable","14":"purchasable","15":"product-type-variable"},"_links":{"self":[{"href":"https:\/\/uniformelaboral.com\/index.php\/wp-json\/wp\/v2\/product\/27728","targetHints":{"allow":["GET"]}}],"collection":[{"href":"https:\/\/uniformelaboral.com\/index.php\/wp-json\/wp\/v2\/product"}],"about":[{"href":"https:\/\/uniformelaboral.com\/index.php\/wp-json\/wp\/v2\/types\/product"}],"wp:featuredmedia":[{"embeddable":true,"href":"https:\/\/uniformelaboral.com\/index.php\/wp-json\/wp\/v2\/media\/27729"}],"wp:attachment":[{"href":"https:\/\/uniformelaboral.com\/index.php\/wp-json\/wp\/v2\/media?parent=27728"}],"wp:term":[{"taxonomy":"product_brand","embeddable":true,"href":"https:\/\/uniformelaboral.com\/index.php\/wp-json\/wp\/v2\/product_brand?post=27728"},{"taxonomy":"product_cat","embeddable":true,"href":"https:\/\/uniformelaboral.com\/index.php\/wp-json\/wp\/v2\/product_cat?post=27728"},{"taxonomy":"product_tag","embeddable":true,"href":"https:\/\/uniformelaboral.com\/index.php\/wp-json\/wp\/v2\/product_tag?post=27728"}],"curies":[{"name":"wp","href":"https:\/\/api.w.org\/{rel}","templated":true}]}}