{"id":27536,"date":"2025-02-26T12:47:20","date_gmt":"2025-02-26T11:47:20","guid":{"rendered":"https:\/\/uniformelaboral.com\/index.php\/producto\/dortmund\/"},"modified":"2025-02-26T12:49:03","modified_gmt":"2025-02-26T11:49:03","slug":"dortmund","status":"publish","type":"product","link":"https:\/\/uniformelaboral.com\/index.php\/producto\/dortmund\/","title":{"rendered":"DORTMUND"},"content":{"rendered":"<p>Pantal\u00f3 curt esportiu amb cintura el\u00e0stica ajustable amb cord\u00f3 interior i repunt de seguretat. Obertures laterals.<br \/>Composition: 100% poli\u00e8ster, 140 g\/m\u00b2.<br \/>Remarks: Disponible en talles infantils.<br \/>\n*Etiqueta extra\u00efble.<br \/>\n*Teixit t\u00e8cnic.<br \/>\n*Model transpirable<br \/><img decoding=\"async\" src=\"https:\/\/static.gorfactory.es\/pics\/measures\/PA_HO.jpg\"><\/p>\n","protected":false},"excerpt":{"rendered":"<p>Pantal\u00f3 curt esportiu amb cintura el\u00e0stica ajustable amb cord\u00f3 interior i repunt de seguretat. Obertures laterals.Composition: 100% poli\u00e8ster, 140 g\/m\u00b2.Remarks: Disponible en talles infantils. *Etiqueta extra\u00efble. *Teixit t\u00e8cnic. *Model transpirable<\/p>\n","protected":false},"featured_media":27537,"template":"","meta":{"_joinchat":[]},"product_brand":[],"product_cat":[1068,654],"product_tag":[],"class_list":{"0":"post-27536","1":"product","2":"type-product","3":"status-publish","4":"has-post-thumbnail","6":"product_cat-pd","7":"product_cat-sports-indumentaria-base","8":"tm-no-options-pxq","10":"first","11":"instock","12":"taxable","13":"shipping-taxable","14":"purchasable","15":"product-type-variable"},"_links":{"self":[{"href":"https:\/\/uniformelaboral.com\/index.php\/wp-json\/wp\/v2\/product\/27536","targetHints":{"allow":["GET"]}}],"collection":[{"href":"https:\/\/uniformelaboral.com\/index.php\/wp-json\/wp\/v2\/product"}],"about":[{"href":"https:\/\/uniformelaboral.com\/index.php\/wp-json\/wp\/v2\/types\/product"}],"wp:featuredmedia":[{"embeddable":true,"href":"https:\/\/uniformelaboral.com\/index.php\/wp-json\/wp\/v2\/media\/27537"}],"wp:attachment":[{"href":"https:\/\/uniformelaboral.com\/index.php\/wp-json\/wp\/v2\/media?parent=27536"}],"wp:term":[{"taxonomy":"product_brand","embeddable":true,"href":"https:\/\/uniformelaboral.com\/index.php\/wp-json\/wp\/v2\/product_brand?post=27536"},{"taxonomy":"product_cat","embeddable":true,"href":"https:\/\/uniformelaboral.com\/index.php\/wp-json\/wp\/v2\/product_cat?post=27536"},{"taxonomy":"product_tag","embeddable":true,"href":"https:\/\/uniformelaboral.com\/index.php\/wp-json\/wp\/v2\/product_tag?post=27536"}],"curies":[{"name":"wp","href":"https:\/\/api.w.org\/{rel}","templated":true}]}}