{"id":27482,"date":"2025-02-26T12:46:11","date_gmt":"2025-02-26T11:46:11","guid":{"rendered":"https:\/\/uniformelaboral.com\/index.php\/producto\/safety\/"},"modified":"2025-02-26T12:47:20","modified_gmt":"2025-02-26T11:47:20","slug":"safety","status":"publish","type":"product","link":"https:\/\/uniformelaboral.com\/index.php\/producto\/safety\/","title":{"rendered":"SAFETY"},"content":{"rendered":"<p>Pantal\u00f3 llarg en teixit resistent de cot\u00f3:<br \/>\n1. Cintura ajustable el\u00e0stica a la part del darrere.<br \/>\n2. Dues butxaques frontals.<br \/>\n3. Butxaca del darrere amb solapa i tancament de velcro.<br \/>\n4. Dues butxaques laterals amb solapa i tancament de velcro.<br \/>\n5. Seient doble refor\u00e7at.<br \/>\n6. Doble teixit a les genolleres.<br \/>Composition: 100% cot\u00f3, 240 g\/m\u00b2.<br \/><img decoding=\"async\" src=\"https:\/\/static.gorfactory.es\/pics\/measures\/PA_HO.jpg\"><\/p>\n","protected":false},"excerpt":{"rendered":"<p>Pantal\u00f3 llarg en teixit resistent de cot\u00f3: 1. Cintura ajustable el\u00e0stica a la part del darrere. 2. Dues butxaques frontals. 3. Butxaca del darrere amb solapa i tancament de velcro. 4. Dues butxaques laterals amb solapa i tancament de velcro. 5. Seient doble refor\u00e7at. 6. Doble teixit a les genolleres.Composition: 100% cot\u00f3, 240 g\/m\u00b2.<\/p>\n","protected":false},"featured_media":27483,"template":"","meta":{"_joinchat":[]},"product_brand":[],"product_cat":[1105,1110,1097],"product_tag":[],"class_list":{"0":"post-27482","1":"product","2":"type-product","3":"status-publish","4":"has-post-thumbnail","6":"product_cat-industry_services","7":"product_cat-serviciospantalones_","8":"product_cat-workwear","9":"tm-no-options-pxq","11":"first","12":"instock","13":"taxable","14":"shipping-taxable","15":"purchasable","16":"product-type-variable"},"_links":{"self":[{"href":"https:\/\/uniformelaboral.com\/index.php\/wp-json\/wp\/v2\/product\/27482","targetHints":{"allow":["GET"]}}],"collection":[{"href":"https:\/\/uniformelaboral.com\/index.php\/wp-json\/wp\/v2\/product"}],"about":[{"href":"https:\/\/uniformelaboral.com\/index.php\/wp-json\/wp\/v2\/types\/product"}],"wp:featuredmedia":[{"embeddable":true,"href":"https:\/\/uniformelaboral.com\/index.php\/wp-json\/wp\/v2\/media\/27483"}],"wp:attachment":[{"href":"https:\/\/uniformelaboral.com\/index.php\/wp-json\/wp\/v2\/media?parent=27482"}],"wp:term":[{"taxonomy":"product_brand","embeddable":true,"href":"https:\/\/uniformelaboral.com\/index.php\/wp-json\/wp\/v2\/product_brand?post=27482"},{"taxonomy":"product_cat","embeddable":true,"href":"https:\/\/uniformelaboral.com\/index.php\/wp-json\/wp\/v2\/product_cat?post=27482"},{"taxonomy":"product_tag","embeddable":true,"href":"https:\/\/uniformelaboral.com\/index.php\/wp-json\/wp\/v2\/product_tag?post=27482"}],"curies":[{"name":"wp","href":"https:\/\/api.w.org\/{rel}","templated":true}]}}