{"id":27352,"date":"2025-02-26T12:43:14","date_gmt":"2025-02-26T11:43:14","guid":{"rendered":"https:\/\/uniformelaboral.com\/index.php\/producto\/new-astun\/"},"modified":"2025-02-26T12:44:12","modified_gmt":"2025-02-26T11:44:12","slug":"new-astun","status":"publish","type":"product","link":"https:\/\/uniformelaboral.com\/index.php\/producto\/new-astun\/","title":{"rendered":"NEW ASTUN"},"content":{"rendered":"<p>Pantalons llargs de tall recte amb dues butxaques laterals i cintura el\u00e0stica amb cord\u00f3 ajustable. <br \/>Composition: 50% cot\u00f3 \/ 50% poli\u00e8ster, pelfa perxada, 280 g\/m\u00b2.<br \/>Remarks: *Color gris vigor\u00e9 58: 55% cot\u00f3 \/ 40 poli\u00e8ster \/ 5% viscosa.<br \/>\n*Disponible en talles infantils.<br \/>\n*Etiqueta amovible.<br \/>\n*La comanda pot incloure models amb butxaques amb cremallera i altres sense cremallera, segons disponibilitat.<\/p>\n<p><img decoding=\"async\" src=\"https:\/\/static.gorfactory.es\/pics\/measures\/PA1173.jpg\"><\/p>\n","protected":false},"excerpt":{"rendered":"<p>Pantalons llargs de tall recte amb dues butxaques laterals i cintura el\u00e0stica amb cord\u00f3 ajustable. Composition: 50% cot\u00f3 \/ 50% poli\u00e8ster, pelfa perxada, 280 g\/m\u00b2.Remarks: *Color gris vigor\u00e9 58: 55% cot\u00f3 \/ 40 poli\u00e8ster \/ 5% viscosa. *Disponible en talles infantils. *Etiqueta amovible. *La comanda pot incloure models amb butxaques amb cremallera i altres sense [&hellip;]<\/p>\n","protected":false},"featured_media":27353,"template":"","meta":{"_joinchat":[]},"product_brand":[],"product_cat":[1068,654],"product_tag":[],"class_list":{"0":"post-27352","1":"product","2":"type-product","3":"status-publish","4":"has-post-thumbnail","6":"product_cat-pd","7":"product_cat-sports-indumentaria-base","8":"tm-no-options-pxq","10":"first","11":"instock","12":"taxable","13":"shipping-taxable","14":"purchasable","15":"product-type-variable"},"_links":{"self":[{"href":"https:\/\/uniformelaboral.com\/index.php\/wp-json\/wp\/v2\/product\/27352","targetHints":{"allow":["GET"]}}],"collection":[{"href":"https:\/\/uniformelaboral.com\/index.php\/wp-json\/wp\/v2\/product"}],"about":[{"href":"https:\/\/uniformelaboral.com\/index.php\/wp-json\/wp\/v2\/types\/product"}],"wp:featuredmedia":[{"embeddable":true,"href":"https:\/\/uniformelaboral.com\/index.php\/wp-json\/wp\/v2\/media\/27353"}],"wp:attachment":[{"href":"https:\/\/uniformelaboral.com\/index.php\/wp-json\/wp\/v2\/media?parent=27352"}],"wp:term":[{"taxonomy":"product_brand","embeddable":true,"href":"https:\/\/uniformelaboral.com\/index.php\/wp-json\/wp\/v2\/product_brand?post=27352"},{"taxonomy":"product_cat","embeddable":true,"href":"https:\/\/uniformelaboral.com\/index.php\/wp-json\/wp\/v2\/product_cat?post=27352"},{"taxonomy":"product_tag","embeddable":true,"href":"https:\/\/uniformelaboral.com\/index.php\/wp-json\/wp\/v2\/product_tag?post=27352"}],"curies":[{"name":"wp","href":"https:\/\/api.w.org\/{rel}","templated":true}]}}