{"id":27307,"date":"2025-02-26T12:42:10","date_gmt":"2025-02-26T11:42:10","guid":{"rendered":"https:\/\/uniformelaboral.com\/index.php\/producto\/box\/"},"modified":"2025-02-26T12:42:40","modified_gmt":"2025-02-26T11:42:40","slug":"box","status":"publish","type":"product","link":"https:\/\/uniformelaboral.com\/index.php\/producto\/box\/","title":{"rendered":"BOX"},"content":{"rendered":"<p>Pantal\u00f3 esport llarg, c\u00f2mode, de tall femen\u00ed ajustat i cintura el\u00e0stica ample.<br \/>Composition: 90% cot\u00f3 \/ 10% elast\u00e0, punt llis, 280 g\/m\u00b2.<br \/>Remarks: *Color gris 58: 81% cot\u00f3 \/ 13% viscosa \/ 6% elast\u00e0.<br \/>\n*Etiqueta extra\u00efble.<br \/><img decoding=\"async\" src=\"https:\/\/static.gorfactory.es\/pics\/measures\/PA1090.jpg\"><\/p>\n","protected":false},"excerpt":{"rendered":"<p>Pantal\u00f3 esport llarg, c\u00f2mode, de tall femen\u00ed ajustat i cintura el\u00e0stica ample.Composition: 90% cot\u00f3 \/ 10% elast\u00e0, punt llis, 280 g\/m\u00b2.Remarks: *Color gris 58: 81% cot\u00f3 \/ 13% viscosa \/ 6% elast\u00e0. *Etiqueta extra\u00efble.<\/p>\n","protected":false},"featured_media":27308,"template":"","meta":{"_joinchat":[]},"product_brand":[],"product_cat":[1165,1068,654,1097],"product_tag":[],"class_list":{"0":"post-27307","1":"product","2":"type-product","3":"status-publish","4":"has-post-thumbnail","6":"product_cat-basic","7":"product_cat-pd","8":"product_cat-sports-indumentaria-base","9":"product_cat-workwear","10":"tm-no-options-pxq","12":"first","13":"instock","14":"taxable","15":"shipping-taxable","16":"purchasable","17":"product-type-variable"},"_links":{"self":[{"href":"https:\/\/uniformelaboral.com\/index.php\/wp-json\/wp\/v2\/product\/27307","targetHints":{"allow":["GET"]}}],"collection":[{"href":"https:\/\/uniformelaboral.com\/index.php\/wp-json\/wp\/v2\/product"}],"about":[{"href":"https:\/\/uniformelaboral.com\/index.php\/wp-json\/wp\/v2\/types\/product"}],"wp:featuredmedia":[{"embeddable":true,"href":"https:\/\/uniformelaboral.com\/index.php\/wp-json\/wp\/v2\/media\/27308"}],"wp:attachment":[{"href":"https:\/\/uniformelaboral.com\/index.php\/wp-json\/wp\/v2\/media?parent=27307"}],"wp:term":[{"taxonomy":"product_brand","embeddable":true,"href":"https:\/\/uniformelaboral.com\/index.php\/wp-json\/wp\/v2\/product_brand?post=27307"},{"taxonomy":"product_cat","embeddable":true,"href":"https:\/\/uniformelaboral.com\/index.php\/wp-json\/wp\/v2\/product_cat?post=27307"},{"taxonomy":"product_tag","embeddable":true,"href":"https:\/\/uniformelaboral.com\/index.php\/wp-json\/wp\/v2\/product_tag?post=27307"}],"curies":[{"name":"wp","href":"https:\/\/api.w.org\/{rel}","templated":true}]}}