{"id":27267,"date":"2025-02-26T12:41:11","date_gmt":"2025-02-26T11:41:11","guid":{"rendered":"https:\/\/uniformelaboral.com\/index.php\/producto\/arsenal\/"},"modified":"2025-02-26T12:41:39","modified_gmt":"2025-02-26T11:41:39","slug":"arsenal","status":"publish","type":"product","link":"https:\/\/uniformelaboral.com\/index.php\/producto\/arsenal\/","title":{"rendered":"ARSENAL"},"content":{"rendered":"<p>Pantal\u00f3 curt de porter unisex.<br \/>\n1. Amb insercions laterals encoixinades.<br \/>\n2. Cintura el\u00e0stica amb cord\u00f3 interior ajustable.<br \/>Composition: 100% poli\u00e8ster, 250 g\/m\u00b2.<br \/>Remarks: *Etiqueta extra\u00efble.<br \/>\n*Teixit t\u00e8cnic.<br \/>\n*Model transpirable<br \/><img decoding=\"async\" src=\"https:\/\/static.gorfactory.es\/pics\/measures\/PA_HO.jpg\"><\/p>\n","protected":false},"excerpt":{"rendered":"<p>Pantal\u00f3 curt de porter unisex. 1. Amb insercions laterals encoixinades. 2. Cintura el\u00e0stica amb cord\u00f3 interior ajustable.Composition: 100% poli\u00e8ster, 250 g\/m\u00b2.Remarks: *Etiqueta extra\u00efble. *Teixit t\u00e8cnic. *Model transpirable<\/p>\n","protected":false},"featured_media":27268,"template":"","meta":{"_joinchat":[]},"product_brand":[],"product_cat":[1068,654,1164],"product_tag":[],"class_list":{"0":"post-27267","1":"product","2":"type-product","3":"status-publish","4":"has-post-thumbnail","6":"product_cat-pd","7":"product_cat-sports-indumentaria-base","8":"product_cat-equip","9":"tm-no-options-pxq","11":"first","12":"instock","13":"taxable","14":"shipping-taxable","15":"purchasable","16":"product-type-variable"},"_links":{"self":[{"href":"https:\/\/uniformelaboral.com\/index.php\/wp-json\/wp\/v2\/product\/27267","targetHints":{"allow":["GET"]}}],"collection":[{"href":"https:\/\/uniformelaboral.com\/index.php\/wp-json\/wp\/v2\/product"}],"about":[{"href":"https:\/\/uniformelaboral.com\/index.php\/wp-json\/wp\/v2\/types\/product"}],"wp:featuredmedia":[{"embeddable":true,"href":"https:\/\/uniformelaboral.com\/index.php\/wp-json\/wp\/v2\/media\/27268"}],"wp:attachment":[{"href":"https:\/\/uniformelaboral.com\/index.php\/wp-json\/wp\/v2\/media?parent=27267"}],"wp:term":[{"taxonomy":"product_brand","embeddable":true,"href":"https:\/\/uniformelaboral.com\/index.php\/wp-json\/wp\/v2\/product_brand?post=27267"},{"taxonomy":"product_cat","embeddable":true,"href":"https:\/\/uniformelaboral.com\/index.php\/wp-json\/wp\/v2\/product_cat?post=27267"},{"taxonomy":"product_tag","embeddable":true,"href":"https:\/\/uniformelaboral.com\/index.php\/wp-json\/wp\/v2\/product_tag?post=27267"}],"curies":[{"name":"wp","href":"https:\/\/api.w.org\/{rel}","templated":true}]}}