{"id":27154,"date":"2025-02-26T12:37:42","date_gmt":"2025-02-26T11:37:42","guid":{"rendered":"https:\/\/uniformelaboral.com\/index.php\/producto\/calcio\/"},"modified":"2025-02-26T12:40:02","modified_gmt":"2025-02-26T11:40:02","slug":"calcio","status":"publish","type":"product","link":"https:\/\/uniformelaboral.com\/index.php\/producto\/calcio\/","title":{"rendered":"CALCIO"},"content":{"rendered":"<p>Pantal\u00f3 esportiu amb slip interior i cintura el\u00e0stica amb cord\u00f3. Teixit transpirable de f\u00e0cil rentat i assecat.<br \/>Composition: 100% poli\u00e8ster, 140 g\/m\u00b2.<br \/>Remarks: *Etiqueta extra\u00efble.<br \/>\n*Disponible en talles infantils.<br \/>\n*Teixit transpirable.<br \/>\n<br \/><img decoding=\"async\" src=\"https:\/\/static.gorfactory.es\/pics\/measures\/PA_HO.jpg\"><\/p>\n","protected":false},"excerpt":{"rendered":"<p>Pantal\u00f3 esportiu amb slip interior i cintura el\u00e0stica amb cord\u00f3. Teixit transpirable de f\u00e0cil rentat i assecat.Composition: 100% poli\u00e8ster, 140 g\/m\u00b2.Remarks: *Etiqueta extra\u00efble. *Disponible en talles infantils. *Teixit transpirable.<\/p>\n","protected":false},"featured_media":27155,"template":"","meta":{"_joinchat":[]},"product_brand":[],"product_cat":[1068,654],"product_tag":[],"class_list":{"0":"post-27154","1":"product","2":"type-product","3":"status-publish","4":"has-post-thumbnail","6":"product_cat-pd","7":"product_cat-sports-indumentaria-base","8":"tm-no-options-pxq","10":"first","11":"instock","12":"taxable","13":"shipping-taxable","14":"purchasable","15":"product-type-variable"},"_links":{"self":[{"href":"https:\/\/uniformelaboral.com\/index.php\/wp-json\/wp\/v2\/product\/27154","targetHints":{"allow":["GET"]}}],"collection":[{"href":"https:\/\/uniformelaboral.com\/index.php\/wp-json\/wp\/v2\/product"}],"about":[{"href":"https:\/\/uniformelaboral.com\/index.php\/wp-json\/wp\/v2\/types\/product"}],"wp:featuredmedia":[{"embeddable":true,"href":"https:\/\/uniformelaboral.com\/index.php\/wp-json\/wp\/v2\/media\/27155"}],"wp:attachment":[{"href":"https:\/\/uniformelaboral.com\/index.php\/wp-json\/wp\/v2\/media?parent=27154"}],"wp:term":[{"taxonomy":"product_brand","embeddable":true,"href":"https:\/\/uniformelaboral.com\/index.php\/wp-json\/wp\/v2\/product_brand?post=27154"},{"taxonomy":"product_cat","embeddable":true,"href":"https:\/\/uniformelaboral.com\/index.php\/wp-json\/wp\/v2\/product_cat?post=27154"},{"taxonomy":"product_tag","embeddable":true,"href":"https:\/\/uniformelaboral.com\/index.php\/wp-json\/wp\/v2\/product_tag?post=27154"}],"curies":[{"name":"wp","href":"https:\/\/api.w.org\/{rel}","templated":true}]}}