{"id":26757,"date":"2025-02-26T12:24:13","date_gmt":"2025-02-26T11:24:13","guid":{"rendered":"https:\/\/uniformelaboral.com\/index.php\/producto\/adelaida\/"},"modified":"2025-02-26T12:24:42","modified_gmt":"2025-02-26T11:24:42","slug":"adelaida","status":"publish","type":"product","link":"https:\/\/uniformelaboral.com\/index.php\/producto\/adelaida\/","title":{"rendered":"ADELAIDA"},"content":{"rendered":"<p>Malla llarga esportiva transpirable per a dona amb cintura el\u00e0stica i cord\u00f3 interior creuat per facilitar ajustament. Detalls reflectors. Butxaca interior davantera. Teixit el\u00e0stic i adaptable al cos.<br \/>Composition: 87% poli\u00e8ster interlock \/ 13% elast\u00e0, 280 g\/m\u00b2.<br \/>Remarks: Model transpirable de f\u00e0cil assecat.<br \/>\n*Etiqueta extra\u00efble.<\/p>\n","protected":false},"excerpt":{"rendered":"<p>Malla llarga esportiva transpirable per a dona amb cintura el\u00e0stica i cord\u00f3 interior creuat per facilitar ajustament. Detalls reflectors. Butxaca interior davantera. Teixit el\u00e0stic i adaptable al cos.Composition: 87% poli\u00e8ster interlock \/ 13% elast\u00e0, 280 g\/m\u00b2.Remarks: Model transpirable de f\u00e0cil assecat. *Etiqueta extra\u00efble.<\/p>\n","protected":false},"featured_media":26758,"template":"","meta":{"_joinchat":[]},"product_brand":[],"product_cat":[1068,654],"product_tag":[],"class_list":{"0":"post-26757","1":"product","2":"type-product","3":"status-publish","4":"has-post-thumbnail","6":"product_cat-pd","7":"product_cat-sports-indumentaria-base","8":"tm-no-options-pxq","10":"first","11":"instock","12":"taxable","13":"shipping-taxable","14":"purchasable","15":"product-type-variable"},"_links":{"self":[{"href":"https:\/\/uniformelaboral.com\/index.php\/wp-json\/wp\/v2\/product\/26757","targetHints":{"allow":["GET"]}}],"collection":[{"href":"https:\/\/uniformelaboral.com\/index.php\/wp-json\/wp\/v2\/product"}],"about":[{"href":"https:\/\/uniformelaboral.com\/index.php\/wp-json\/wp\/v2\/types\/product"}],"wp:featuredmedia":[{"embeddable":true,"href":"https:\/\/uniformelaboral.com\/index.php\/wp-json\/wp\/v2\/media\/26758"}],"wp:attachment":[{"href":"https:\/\/uniformelaboral.com\/index.php\/wp-json\/wp\/v2\/media?parent=26757"}],"wp:term":[{"taxonomy":"product_brand","embeddable":true,"href":"https:\/\/uniformelaboral.com\/index.php\/wp-json\/wp\/v2\/product_brand?post=26757"},{"taxonomy":"product_cat","embeddable":true,"href":"https:\/\/uniformelaboral.com\/index.php\/wp-json\/wp\/v2\/product_cat?post=26757"},{"taxonomy":"product_tag","embeddable":true,"href":"https:\/\/uniformelaboral.com\/index.php\/wp-json\/wp\/v2\/product_tag?post=26757"}],"curies":[{"name":"wp","href":"https:\/\/api.w.org\/{rel}","templated":true}]}}