{"id":26695,"date":"2025-02-26T12:22:25","date_gmt":"2025-02-26T11:22:25","guid":{"rendered":"https:\/\/uniformelaboral.com\/index.php\/producto\/leire\/"},"modified":"2025-02-26T12:23:28","modified_gmt":"2025-02-26T11:23:28","slug":"leire","status":"publish","type":"product","link":"https:\/\/uniformelaboral.com\/index.php\/producto\/leire\/","title":{"rendered":"LEIRE"},"content":{"rendered":"<p>Leggings. Malla llarga amb cintura el\u00e0stica i costures laterals. Disseny anat\u00f2mic. Textura extra suau. <br \/>Composition: 92% cot\u00f3 \/ 8% elast\u00e0, punt llis, 270 g \/ m\u00b2.<br \/>\nEn talles de nena: 94% cot\u00f3 \/ 6% elast\u00e0, punt llis, 210 g \/ m\u00b2.<br \/>\nColor gris vigor\u00e9 58: 81% cot\u00f3 \/ 13% rai\u00f3 \/ 6% elast\u00e0.<br \/>Remarks: * Etiqueta extra\u00efble.<br \/>\n* Disponible en talles infantils.<br \/><img decoding=\"async\" src=\"https:\/\/static.gorfactory.es\/pics\/measures\/LG0405.jpg\"><\/p>\n","protected":false},"excerpt":{"rendered":"<p>Leggings. Malla llarga amb cintura el\u00e0stica i costures laterals. Disseny anat\u00f2mic. Textura extra suau. Composition: 92% cot\u00f3 \/ 8% elast\u00e0, punt llis, 270 g \/ m\u00b2. En talles de nena: 94% cot\u00f3 \/ 6% elast\u00e0, punt llis, 210 g \/ m\u00b2. Color gris vigor\u00e9 58: 81% cot\u00f3 \/ 13% rai\u00f3 \/ 6% elast\u00e0.Remarks: * Etiqueta [&hellip;]<\/p>\n","protected":false},"featured_media":26696,"template":"","meta":{"_joinchat":[]},"product_brand":[],"product_cat":[1165,1068,654,1097],"product_tag":[],"class_list":{"0":"post-26695","1":"product","2":"type-product","3":"status-publish","4":"has-post-thumbnail","6":"product_cat-basic","7":"product_cat-pd","8":"product_cat-sports-indumentaria-base","9":"product_cat-workwear","10":"tm-no-options-pxq","12":"first","13":"instock","14":"taxable","15":"shipping-taxable","16":"purchasable","17":"product-type-variable"},"_links":{"self":[{"href":"https:\/\/uniformelaboral.com\/index.php\/wp-json\/wp\/v2\/product\/26695","targetHints":{"allow":["GET"]}}],"collection":[{"href":"https:\/\/uniformelaboral.com\/index.php\/wp-json\/wp\/v2\/product"}],"about":[{"href":"https:\/\/uniformelaboral.com\/index.php\/wp-json\/wp\/v2\/types\/product"}],"wp:featuredmedia":[{"embeddable":true,"href":"https:\/\/uniformelaboral.com\/index.php\/wp-json\/wp\/v2\/media\/26696"}],"wp:attachment":[{"href":"https:\/\/uniformelaboral.com\/index.php\/wp-json\/wp\/v2\/media?parent=26695"}],"wp:term":[{"taxonomy":"product_brand","embeddable":true,"href":"https:\/\/uniformelaboral.com\/index.php\/wp-json\/wp\/v2\/product_brand?post=26695"},{"taxonomy":"product_cat","embeddable":true,"href":"https:\/\/uniformelaboral.com\/index.php\/wp-json\/wp\/v2\/product_cat?post=26695"},{"taxonomy":"product_tag","embeddable":true,"href":"https:\/\/uniformelaboral.com\/index.php\/wp-json\/wp\/v2\/product_tag?post=26695"}],"curies":[{"name":"wp","href":"https:\/\/api.w.org\/{rel}","templated":true}]}}