{"id":26435,"date":"2025-02-26T12:16:27","date_gmt":"2025-02-26T11:16:27","guid":{"rendered":"https:\/\/uniformelaboral.com\/index.php\/producto\/owens\/"},"modified":"2025-02-26T12:17:42","modified_gmt":"2025-02-26T11:17:42","slug":"owens","status":"publish","type":"product","link":"https:\/\/uniformelaboral.com\/index.php\/producto\/owens\/","title":{"rendered":"OWENS"},"content":{"rendered":"<p>Sabatilla esportiva d&#8217;estil cl\u00e0ssic, molt c\u00f2moda i ideal per a \u00fas diari.<br \/>\nPunta arrodonida, sola de goma i lateral interior microperforat.<br \/>\nTancament de cordons en talles grans i tancament de velcro en talles de la 25 a la 35 per a nens petits.<br \/>Composition: &#8211; Upper: 100% polyester.<br \/>\n&#8211; Seams: 95% polyester and 5% spandex.<br \/>\n&#8211; Lining: 100% polyester.<br \/>\n&#8211; Sole: TPR (thermoplastic rubber).<br \/>Remarks: * Tancament de velcro de la talla 25 a la 35.<br \/>\n* Tancament amb cordills de la talla 36 a la 41.<\/p>\n<p>Informaci\u00f3 de Marcatge:<\/p>\n<p>Al tal\u00f3 (zona de color):<br \/>\n&#8211; Tr\u00e0nsfer digital cal\u00e7at.<\/p>\n","protected":false},"excerpt":{"rendered":"<p>Sabatilla esportiva d&#8217;estil cl\u00e0ssic, molt c\u00f2moda i ideal per a \u00fas diari. Punta arrodonida, sola de goma i lateral interior microperforat. Tancament de cordons en talles grans i tancament de velcro en talles de la 25 a la 35 per a nens petits.Composition: &#8211; Upper: 100% polyester. &#8211; Seams: 95% polyester and 5% spandex. &#8211; [&hellip;]<\/p>\n","protected":false},"featured_media":26436,"template":"","meta":{"_joinchat":[]},"product_brand":[],"product_cat":[1113],"product_tag":[],"class_list":{"0":"post-26435","1":"product","2":"type-product","3":"status-publish","4":"has-post-thumbnail","6":"product_cat-footwear","7":"tm-no-options-pxq","9":"first","10":"instock","11":"taxable","12":"shipping-taxable","13":"purchasable","14":"product-type-variable"},"_links":{"self":[{"href":"https:\/\/uniformelaboral.com\/index.php\/wp-json\/wp\/v2\/product\/26435","targetHints":{"allow":["GET"]}}],"collection":[{"href":"https:\/\/uniformelaboral.com\/index.php\/wp-json\/wp\/v2\/product"}],"about":[{"href":"https:\/\/uniformelaboral.com\/index.php\/wp-json\/wp\/v2\/types\/product"}],"wp:featuredmedia":[{"embeddable":true,"href":"https:\/\/uniformelaboral.com\/index.php\/wp-json\/wp\/v2\/media\/26436"}],"wp:attachment":[{"href":"https:\/\/uniformelaboral.com\/index.php\/wp-json\/wp\/v2\/media?parent=26435"}],"wp:term":[{"taxonomy":"product_brand","embeddable":true,"href":"https:\/\/uniformelaboral.com\/index.php\/wp-json\/wp\/v2\/product_brand?post=26435"},{"taxonomy":"product_cat","embeddable":true,"href":"https:\/\/uniformelaboral.com\/index.php\/wp-json\/wp\/v2\/product_cat?post=26435"},{"taxonomy":"product_tag","embeddable":true,"href":"https:\/\/uniformelaboral.com\/index.php\/wp-json\/wp\/v2\/product_tag?post=26435"}],"curies":[{"name":"wp","href":"https:\/\/api.w.org\/{rel}","templated":true}]}}