{"id":26390,"date":"2025-02-26T12:15:25","date_gmt":"2025-02-26T11:15:25","guid":{"rendered":"https:\/\/uniformelaboral.com\/index.php\/producto\/megos\/"},"modified":"2025-02-26T12:16:26","modified_gmt":"2025-02-26T11:16:26","slug":"megos","status":"publish","type":"product","link":"https:\/\/uniformelaboral.com\/index.php\/producto\/megos\/","title":{"rendered":"MEGOS"},"content":{"rendered":"<p>Sabatilles especialment dissenyades per trekking.<br \/>\nCordons rodons, malla transpirable i detalls en pell sint\u00e8tica a to. Contrastos en negre.<br \/>\nPlantilla encoixinada i sola de gran adher\u00e8ncia.<br \/>Composition: 100% polyester.<br \/>Remarks: Informaci\u00f3 de Marcatge:<\/p>\n<p>Al tal\u00f3:<br \/>\n&#8211; Transfer digital cal\u00e7at<\/p>\n","protected":false},"excerpt":{"rendered":"<p>Sabatilles especialment dissenyades per trekking. Cordons rodons, malla transpirable i detalls en pell sint\u00e8tica a to. Contrastos en negre. Plantilla encoixinada i sola de gran adher\u00e8ncia.Composition: 100% polyester.Remarks: Informaci\u00f3 de Marcatge: Al tal\u00f3: &#8211; Transfer digital cal\u00e7at<\/p>\n","protected":false},"featured_media":26391,"template":"","meta":{"_joinchat":[]},"product_brand":[],"product_cat":[1113],"product_tag":[],"class_list":{"0":"post-26390","1":"product","2":"type-product","3":"status-publish","4":"has-post-thumbnail","6":"product_cat-footwear","7":"tm-no-options-pxq","9":"first","10":"instock","11":"taxable","12":"shipping-taxable","13":"purchasable","14":"product-type-variable"},"_links":{"self":[{"href":"https:\/\/uniformelaboral.com\/index.php\/wp-json\/wp\/v2\/product\/26390","targetHints":{"allow":["GET"]}}],"collection":[{"href":"https:\/\/uniformelaboral.com\/index.php\/wp-json\/wp\/v2\/product"}],"about":[{"href":"https:\/\/uniformelaboral.com\/index.php\/wp-json\/wp\/v2\/types\/product"}],"wp:featuredmedia":[{"embeddable":true,"href":"https:\/\/uniformelaboral.com\/index.php\/wp-json\/wp\/v2\/media\/26391"}],"wp:attachment":[{"href":"https:\/\/uniformelaboral.com\/index.php\/wp-json\/wp\/v2\/media?parent=26390"}],"wp:term":[{"taxonomy":"product_brand","embeddable":true,"href":"https:\/\/uniformelaboral.com\/index.php\/wp-json\/wp\/v2\/product_brand?post=26390"},{"taxonomy":"product_cat","embeddable":true,"href":"https:\/\/uniformelaboral.com\/index.php\/wp-json\/wp\/v2\/product_cat?post=26390"},{"taxonomy":"product_tag","embeddable":true,"href":"https:\/\/uniformelaboral.com\/index.php\/wp-json\/wp\/v2\/product_tag?post=26390"}],"curies":[{"name":"wp","href":"https:\/\/api.w.org\/{rel}","templated":true}]}}