{"id":26231,"date":"2025-02-26T12:11:55","date_gmt":"2025-02-26T11:11:55","guid":{"rendered":"https:\/\/uniformelaboral.com\/index.php\/producto\/biles\/"},"modified":"2025-02-26T12:12:26","modified_gmt":"2025-02-26T11:12:26","slug":"biles","status":"publish","type":"product","link":"https:\/\/uniformelaboral.com\/index.php\/producto\/biles\/","title":{"rendered":"BILES"},"content":{"rendered":"<p>Sabatilla cl\u00e0ssica en lona amb sola de goma blanca decorada amb l\u00ednies en color. Traus laterals de ventilaci\u00f3, punta de goma i tancament de cordons.<br \/>Composition: 100% cotton canvas.<br \/>Remarks: Informaci\u00f3 de Marcatge:<\/p>\n<p>Al lateral exterior (zona del tal\u00f3):<br \/>\n&#8211; Transfer digital cal\u00e7at<\/p>\n","protected":false},"excerpt":{"rendered":"<p>Sabatilla cl\u00e0ssica en lona amb sola de goma blanca decorada amb l\u00ednies en color. Traus laterals de ventilaci\u00f3, punta de goma i tancament de cordons.Composition: 100% cotton canvas.Remarks: Informaci\u00f3 de Marcatge: Al lateral exterior (zona del tal\u00f3): &#8211; Transfer digital cal\u00e7at<\/p>\n","protected":false},"featured_media":26232,"template":"","meta":{"_joinchat":[]},"product_brand":[],"product_cat":[1113],"product_tag":[],"class_list":{"0":"post-26231","1":"product","2":"type-product","3":"status-publish","4":"has-post-thumbnail","6":"product_cat-footwear","7":"tm-no-options-pxq","9":"first","10":"instock","11":"taxable","12":"shipping-taxable","13":"purchasable","14":"product-type-variable"},"_links":{"self":[{"href":"https:\/\/uniformelaboral.com\/index.php\/wp-json\/wp\/v2\/product\/26231","targetHints":{"allow":["GET"]}}],"collection":[{"href":"https:\/\/uniformelaboral.com\/index.php\/wp-json\/wp\/v2\/product"}],"about":[{"href":"https:\/\/uniformelaboral.com\/index.php\/wp-json\/wp\/v2\/types\/product"}],"wp:featuredmedia":[{"embeddable":true,"href":"https:\/\/uniformelaboral.com\/index.php\/wp-json\/wp\/v2\/media\/26232"}],"wp:attachment":[{"href":"https:\/\/uniformelaboral.com\/index.php\/wp-json\/wp\/v2\/media?parent=26231"}],"wp:term":[{"taxonomy":"product_brand","embeddable":true,"href":"https:\/\/uniformelaboral.com\/index.php\/wp-json\/wp\/v2\/product_brand?post=26231"},{"taxonomy":"product_cat","embeddable":true,"href":"https:\/\/uniformelaboral.com\/index.php\/wp-json\/wp\/v2\/product_cat?post=26231"},{"taxonomy":"product_tag","embeddable":true,"href":"https:\/\/uniformelaboral.com\/index.php\/wp-json\/wp\/v2\/product_tag?post=26231"}],"curies":[{"name":"wp","href":"https:\/\/api.w.org\/{rel}","templated":true}]}}