{"id":26074,"date":"2025-02-26T12:08:29","date_gmt":"2025-02-26T11:08:29","guid":{"rendered":"https:\/\/uniformelaboral.com\/index.php\/producto\/cork\/"},"modified":"2025-02-26T12:08:49","modified_gmt":"2025-02-26T11:08:49","slug":"cork","status":"publish","type":"product","link":"https:\/\/uniformelaboral.com\/index.php\/producto\/cork\/","title":{"rendered":"CORK"},"content":{"rendered":"<p>Tovallola multiesport de microfibra. Lleugera, compacta i f\u00e0cil de transportar. Remallat amb filament de poli\u00e8ster a tres fils en el mateix to. Asssecat r\u00e0pid. Ornament el\u00e0stic per plegar.<br \/>Composition: 90% poli\u00e8ster \/ 10% poliamida, 190 g\/m\u00b2.<br \/>Remarks: * 70 X 120.<br \/>\n*Etiqueta extra\u00efble.<br \/><img decoding=\"async\" src=\"https:\/\/static.gorfactory.es\/pics\/measures\/TW_HO.jpg\"><\/p>\n","protected":false},"excerpt":{"rendered":"<p>Tovallola multiesport de microfibra. Lleugera, compacta i f\u00e0cil de transportar. Remallat amb filament de poli\u00e8ster a tres fils en el mateix to. Asssecat r\u00e0pid. Ornament el\u00e0stic per plegar.Composition: 90% poli\u00e8ster \/ 10% poliamida, 190 g\/m\u00b2.Remarks: * 70 X 120. *Etiqueta extra\u00efble.<\/p>\n","protected":false},"featured_media":26075,"template":"","meta":{"_joinchat":[]},"product_brand":[],"product_cat":[1075],"product_tag":[],"class_list":{"0":"post-26074","1":"product","2":"type-product","3":"status-publish","4":"has-post-thumbnail","6":"product_cat-acc","7":"tm-no-options-pxq","9":"first","10":"instock","11":"taxable","12":"shipping-taxable","13":"purchasable","14":"product-type-variable"},"_links":{"self":[{"href":"https:\/\/uniformelaboral.com\/index.php\/wp-json\/wp\/v2\/product\/26074","targetHints":{"allow":["GET"]}}],"collection":[{"href":"https:\/\/uniformelaboral.com\/index.php\/wp-json\/wp\/v2\/product"}],"about":[{"href":"https:\/\/uniformelaboral.com\/index.php\/wp-json\/wp\/v2\/types\/product"}],"wp:featuredmedia":[{"embeddable":true,"href":"https:\/\/uniformelaboral.com\/index.php\/wp-json\/wp\/v2\/media\/26075"}],"wp:attachment":[{"href":"https:\/\/uniformelaboral.com\/index.php\/wp-json\/wp\/v2\/media?parent=26074"}],"wp:term":[{"taxonomy":"product_brand","embeddable":true,"href":"https:\/\/uniformelaboral.com\/index.php\/wp-json\/wp\/v2\/product_brand?post=26074"},{"taxonomy":"product_cat","embeddable":true,"href":"https:\/\/uniformelaboral.com\/index.php\/wp-json\/wp\/v2\/product_cat?post=26074"},{"taxonomy":"product_tag","embeddable":true,"href":"https:\/\/uniformelaboral.com\/index.php\/wp-json\/wp\/v2\/product_tag?post=26074"}],"curies":[{"name":"wp","href":"https:\/\/api.w.org\/{rel}","templated":true}]}}