{"id":26050,"date":"2025-02-26T12:07:56","date_gmt":"2025-02-26T11:07:56","guid":{"rendered":"https:\/\/uniformelaboral.com\/index.php\/producto\/orly\/"},"modified":"2025-02-26T12:08:28","modified_gmt":"2025-02-26T11:08:28","slug":"orly","status":"publish","type":"product","link":"https:\/\/uniformelaboral.com\/index.php\/producto\/orly\/","title":{"rendered":"ORLY"},"content":{"rendered":"<p>Tovallola de bany i platja, remallat amb filament de poli\u00e8ster a tres fils del mateix to, excepte en el color plom fosc  (ref.46) que el remallat \u00e9s en groc fl\u00faor (ref. 221). Ornament d&#8217;el\u00e0stic per recollir-la. <br \/>Composition: 80% poli\u00e8ster  \/  20% poliamida, 280 g\/m\u00b2.<br \/>Remarks:  *S: 38 x 68cm. Caja 100 und.<br \/>\n&#8211; M: 60 x 145cm. Caja 50 und.<br \/>\n*El color blanc 01 porta una part llisa especial per reprocessos.<br \/><img decoding=\"async\" src=\"https:\/\/static.gorfactory.es\/pics\/measures\/TW7100.jpg\"><\/p>\n","protected":false},"excerpt":{"rendered":"<p>Tovallola de bany i platja, remallat amb filament de poli\u00e8ster a tres fils del mateix to, excepte en el color plom fosc (ref.46) que el remallat \u00e9s en groc fl\u00faor (ref. 221). Ornament d&#8217;el\u00e0stic per recollir-la. Composition: 80% poli\u00e8ster \/ 20% poliamida, 280 g\/m\u00b2.Remarks: *S: 38 x 68cm. Caja 100 und. &#8211; M: 60 x [&hellip;]<\/p>\n","protected":false},"featured_media":26051,"template":"","meta":{"_joinchat":[]},"product_brand":[],"product_cat":[1075],"product_tag":[],"class_list":{"0":"post-26050","1":"product","2":"type-product","3":"status-publish","4":"has-post-thumbnail","6":"product_cat-acc","7":"tm-no-options-pxq","9":"first","10":"instock","11":"taxable","12":"shipping-taxable","13":"purchasable","14":"product-type-variable"},"_links":{"self":[{"href":"https:\/\/uniformelaboral.com\/index.php\/wp-json\/wp\/v2\/product\/26050","targetHints":{"allow":["GET"]}}],"collection":[{"href":"https:\/\/uniformelaboral.com\/index.php\/wp-json\/wp\/v2\/product"}],"about":[{"href":"https:\/\/uniformelaboral.com\/index.php\/wp-json\/wp\/v2\/types\/product"}],"wp:featuredmedia":[{"embeddable":true,"href":"https:\/\/uniformelaboral.com\/index.php\/wp-json\/wp\/v2\/media\/26051"}],"wp:attachment":[{"href":"https:\/\/uniformelaboral.com\/index.php\/wp-json\/wp\/v2\/media?parent=26050"}],"wp:term":[{"taxonomy":"product_brand","embeddable":true,"href":"https:\/\/uniformelaboral.com\/index.php\/wp-json\/wp\/v2\/product_brand?post=26050"},{"taxonomy":"product_cat","embeddable":true,"href":"https:\/\/uniformelaboral.com\/index.php\/wp-json\/wp\/v2\/product_cat?post=26050"},{"taxonomy":"product_tag","embeddable":true,"href":"https:\/\/uniformelaboral.com\/index.php\/wp-json\/wp\/v2\/product_tag?post=26050"}],"curies":[{"name":"wp","href":"https:\/\/api.w.org\/{rel}","templated":true}]}}