{"id":26013,"date":"2025-02-26T12:07:04","date_gmt":"2025-02-26T11:07:04","guid":{"rendered":"https:\/\/uniformelaboral.com\/index.php\/producto\/maverick\/"},"modified":"2025-02-26T12:07:55","modified_gmt":"2025-02-26T11:07:55","slug":"maverick","status":"publish","type":"product","link":"https:\/\/uniformelaboral.com\/index.php\/producto\/maverick\/","title":{"rendered":"MAVERICK"},"content":{"rendered":"<p>Dessuadora amb colors combinats de mitja cremallera i coll alt. Meitat i baix del puny amb punt canal\u00e9 1&#215;1. Cobreix costures refor\u00e7at a l&#8217;interior de coll. Peces d&#8217;espatlles i detalls a contrast.<br \/>Composition: 50% cot\u00f3 \/ 50% poli\u00e8ster, pelfa perxat, 280 g \/ m\u00b2.<br \/>Remarks: Etiqueta extra\u00efble.<br \/><img decoding=\"async\" src=\"https:\/\/static.gorfactory.es\/pics\/measures\/SU_HO.jpg\"><\/p>\n","protected":false},"excerpt":{"rendered":"<p>Dessuadora amb colors combinats de mitja cremallera i coll alt. Meitat i baix del puny amb punt canal\u00e9 1&#215;1. Cobreix costures refor\u00e7at a l&#8217;interior de coll. Peces d&#8217;espatlles i detalls a contrast.Composition: 50% cot\u00f3 \/ 50% poli\u00e8ster, pelfa perxat, 280 g \/ m\u00b2.Remarks: Etiqueta extra\u00efble.<\/p>\n","protected":false},"featured_media":26014,"template":"","meta":{"_joinchat":[]},"product_brand":[],"product_cat":[1105,1119,1097],"product_tag":[],"class_list":{"0":"post-26013","1":"product","2":"type-product","3":"status-publish","4":"has-post-thumbnail","6":"product_cat-industry_services","7":"product_cat-serviciossudaderas","8":"product_cat-workwear","9":"tm-no-options-pxq","11":"first","12":"instock","13":"taxable","14":"shipping-taxable","15":"purchasable","16":"product-type-variable"},"_links":{"self":[{"href":"https:\/\/uniformelaboral.com\/index.php\/wp-json\/wp\/v2\/product\/26013","targetHints":{"allow":["GET"]}}],"collection":[{"href":"https:\/\/uniformelaboral.com\/index.php\/wp-json\/wp\/v2\/product"}],"about":[{"href":"https:\/\/uniformelaboral.com\/index.php\/wp-json\/wp\/v2\/types\/product"}],"wp:featuredmedia":[{"embeddable":true,"href":"https:\/\/uniformelaboral.com\/index.php\/wp-json\/wp\/v2\/media\/26014"}],"wp:attachment":[{"href":"https:\/\/uniformelaboral.com\/index.php\/wp-json\/wp\/v2\/media?parent=26013"}],"wp:term":[{"taxonomy":"product_brand","embeddable":true,"href":"https:\/\/uniformelaboral.com\/index.php\/wp-json\/wp\/v2\/product_brand?post=26013"},{"taxonomy":"product_cat","embeddable":true,"href":"https:\/\/uniformelaboral.com\/index.php\/wp-json\/wp\/v2\/product_cat?post=26013"},{"taxonomy":"product_tag","embeddable":true,"href":"https:\/\/uniformelaboral.com\/index.php\/wp-json\/wp\/v2\/product_tag?post=26013"}],"curies":[{"name":"wp","href":"https:\/\/api.w.org\/{rel}","templated":true}]}}