{"id":25865,"date":"2025-02-26T12:03:58","date_gmt":"2025-02-26T11:03:58","guid":{"rendered":"https:\/\/uniformelaboral.com\/index.php\/producto\/teleno\/"},"modified":"2025-02-26T12:04:42","modified_gmt":"2025-02-26T11:04:42","slug":"teleno","status":"publish","type":"product","link":"https:\/\/uniformelaboral.com\/index.php\/producto\/teleno\/","title":{"rendered":"TELENO"},"content":{"rendered":"<p>Dessuadora de cot\u00f3 amb disseny cl\u00e0ssic. Colls, punys i baixos amb canal\u00e9 1&#215;1. Tapacostures refor\u00e7at a l&#8217;interior del coll.<br \/>Composition: 100% cot\u00f3, 320 g\/m\u00b2. <br \/>Remarks: *Etiqueta extra\u00efble.<br \/><img decoding=\"async\" src=\"https:\/\/static.gorfactory.es\/pics\/measures\/SU_HO.jpg\"><\/p>\n","protected":false},"excerpt":{"rendered":"<p>Dessuadora de cot\u00f3 amb disseny cl\u00e0ssic. Colls, punys i baixos amb canal\u00e9 1&#215;1. Tapacostures refor\u00e7at a l&#8217;interior del coll.Composition: 100% cot\u00f3, 320 g\/m\u00b2. Remarks: *Etiqueta extra\u00efble.<\/p>\n","protected":false},"featured_media":25866,"template":"","meta":{"_joinchat":[]},"product_brand":[],"product_cat":[1165,1085,1084,1087,1097],"product_tag":[],"class_list":{"0":"post-25865","1":"product","2":"type-product","3":"status-publish","4":"has-post-thumbnail","6":"product_cat-basic","7":"product_cat-swe","8":"product_cat-sud_cha","9":"product_cat-swe_sh","10":"product_cat-workwear","11":"tm-no-options-pxq","13":"first","14":"instock","15":"taxable","16":"shipping-taxable","17":"purchasable","18":"product-type-variable"},"_links":{"self":[{"href":"https:\/\/uniformelaboral.com\/index.php\/wp-json\/wp\/v2\/product\/25865","targetHints":{"allow":["GET"]}}],"collection":[{"href":"https:\/\/uniformelaboral.com\/index.php\/wp-json\/wp\/v2\/product"}],"about":[{"href":"https:\/\/uniformelaboral.com\/index.php\/wp-json\/wp\/v2\/types\/product"}],"wp:featuredmedia":[{"embeddable":true,"href":"https:\/\/uniformelaboral.com\/index.php\/wp-json\/wp\/v2\/media\/25866"}],"wp:attachment":[{"href":"https:\/\/uniformelaboral.com\/index.php\/wp-json\/wp\/v2\/media?parent=25865"}],"wp:term":[{"taxonomy":"product_brand","embeddable":true,"href":"https:\/\/uniformelaboral.com\/index.php\/wp-json\/wp\/v2\/product_brand?post=25865"},{"taxonomy":"product_cat","embeddable":true,"href":"https:\/\/uniformelaboral.com\/index.php\/wp-json\/wp\/v2\/product_cat?post=25865"},{"taxonomy":"product_tag","embeddable":true,"href":"https:\/\/uniformelaboral.com\/index.php\/wp-json\/wp\/v2\/product_tag?post=25865"}],"curies":[{"name":"wp","href":"https:\/\/api.w.org\/{rel}","templated":true}]}}