{"id":25813,"date":"2025-02-26T12:02:56","date_gmt":"2025-02-26T11:02:56","guid":{"rendered":"https:\/\/uniformelaboral.com\/index.php\/producto\/fuji\/"},"modified":"2025-02-26T12:03:56","modified_gmt":"2025-02-26T11:03:56","slug":"fuji","status":"publish","type":"product","link":"https:\/\/uniformelaboral.com\/index.php\/producto\/fuji\/","title":{"rendered":"FUJI"},"content":{"rendered":"<p>Jaqueta de pelfa no perxada amb detalls de color fluor. Cremallera central amb tirador en contrast de color fluor. Caputxa amb folre interior de teixit de poli\u00e8ster microperforat en contrast de color fluor, amb cord\u00f3 i traus met\u00e0l\u00b7lics en contrast de color fluor. M\u00e0niga llarga amb puny i cintura de punt canal\u00e9 1&#215;1. Dues butxaques frontals amb viu ample. Tapacostures refor\u00e7at al coll interior.<br \/>Composition: Teixit principal: 60% cot\u00f3 \/ 40% poli\u00e8ster, pelfa no perxada, 280 g \/ m\u00b2.<br \/>\nFolre caputxa: 100% poli\u00e8ster microperforat.<br \/>\nColor gris vigor\u00e9 58: 85% cot\u00f3 \/ 15% viscosa.<br \/>Remarks: *Etiqueta extra\u00efble.<br \/><img decoding=\"async\" src=\"https:\/\/static.gorfactory.es\/pics\/measures\/SU_HO.jpg\"><\/p>\n","protected":false},"excerpt":{"rendered":"<p>Jaqueta de pelfa no perxada amb detalls de color fluor. Cremallera central amb tirador en contrast de color fluor. Caputxa amb folre interior de teixit de poli\u00e8ster microperforat en contrast de color fluor, amb cord\u00f3 i traus met\u00e0l\u00b7lics en contrast de color fluor. M\u00e0niga llarga amb puny i cintura de punt canal\u00e9 1&#215;1. Dues butxaques [&hellip;]<\/p>\n","protected":false},"featured_media":25814,"template":"","meta":{"_joinchat":[]},"product_brand":[],"product_cat":[1085,1084,1086],"product_tag":[],"class_list":{"0":"post-25813","1":"product","2":"type-product","3":"status-publish","4":"has-post-thumbnail","6":"product_cat-swe","7":"product_cat-sud_cha","8":"product_cat-swe_h","9":"tm-no-options-pxq","11":"first","12":"instock","13":"taxable","14":"shipping-taxable","15":"purchasable","16":"product-type-variable"},"_links":{"self":[{"href":"https:\/\/uniformelaboral.com\/index.php\/wp-json\/wp\/v2\/product\/25813","targetHints":{"allow":["GET"]}}],"collection":[{"href":"https:\/\/uniformelaboral.com\/index.php\/wp-json\/wp\/v2\/product"}],"about":[{"href":"https:\/\/uniformelaboral.com\/index.php\/wp-json\/wp\/v2\/types\/product"}],"wp:featuredmedia":[{"embeddable":true,"href":"https:\/\/uniformelaboral.com\/index.php\/wp-json\/wp\/v2\/media\/25814"}],"wp:attachment":[{"href":"https:\/\/uniformelaboral.com\/index.php\/wp-json\/wp\/v2\/media?parent=25813"}],"wp:term":[{"taxonomy":"product_brand","embeddable":true,"href":"https:\/\/uniformelaboral.com\/index.php\/wp-json\/wp\/v2\/product_brand?post=25813"},{"taxonomy":"product_cat","embeddable":true,"href":"https:\/\/uniformelaboral.com\/index.php\/wp-json\/wp\/v2\/product_cat?post=25813"},{"taxonomy":"product_tag","embeddable":true,"href":"https:\/\/uniformelaboral.com\/index.php\/wp-json\/wp\/v2\/product_tag?post=25813"}],"curies":[{"name":"wp","href":"https:\/\/api.w.org\/{rel}","templated":true}]}}