{"id":25712,"date":"2025-02-26T12:00:49","date_gmt":"2025-02-26T11:00:49","guid":{"rendered":"https:\/\/uniformelaboral.com\/index.php\/producto\/vinson\/"},"modified":"2025-02-26T12:02:10","modified_gmt":"2025-02-26T11:02:10","slug":"vinson","status":"publish","type":"product","link":"https:\/\/uniformelaboral.com\/index.php\/producto\/vinson\/","title":{"rendered":"VINSON"},"content":{"rendered":"<p>Dessuadora amb caputxa Unisex en Cot\u00f3 Org\u00e0nic Pentinat i Poli\u00e8ster Reciclat. Butxaca Cangur. Caputxa folrada de punt llis i cordons rodons ajustable, traus brodats. Coll, punys i cintura de punt canal\u00e9 2&#215;1.<br \/>Composition: 60% Cot\u00f3 Org\u00e0nic Pentinat \/ 35% Poli\u00e8ster(21% reciclat), pelfa perxada, 300 g \/ m\u00b2<br \/>\nColor gris vigor\u00e9 58: 60% cot\u00f3 (48% org\u00e0nic) \/ 31% poli\u00e8ster(21% reciclat) \/ 9% viscosa.<br \/>Remarks: * Etiqueta extra\u00efble ECO<br \/>\n* Bossa individual de material reciclat.<br \/>\n* Model unisex.<br \/>\nProducte amb certificat 139218-OCS i 139218-GRS<br \/><img decoding=\"async\" src=\"https:\/\/static.gorfactory.es\/pics\/measures\/SU_HO.jpg\"><\/p>\n","protected":false},"excerpt":{"rendered":"<p>Dessuadora amb caputxa Unisex en Cot\u00f3 Org\u00e0nic Pentinat i Poli\u00e8ster Reciclat. Butxaca Cangur. Caputxa folrada de punt llis i cordons rodons ajustable, traus brodats. Coll, punys i cintura de punt canal\u00e9 2&#215;1.Composition: 60% Cot\u00f3 Org\u00e0nic Pentinat \/ 35% Poli\u00e8ster(21% reciclat), pelfa perxada, 300 g \/ m\u00b2 Color gris vigor\u00e9 58: 60% cot\u00f3 (48% org\u00e0nic) \/ [&hellip;]<\/p>\n","protected":false},"featured_media":25713,"template":"","meta":{"_joinchat":[]},"product_brand":[],"product_cat":[1067,1085,1084,1086],"product_tag":[],"class_list":{"0":"post-25712","1":"product","2":"type-product","3":"status-publish","4":"has-post-thumbnail","6":"product_cat-rolyeco","7":"product_cat-swe","8":"product_cat-sud_cha","9":"product_cat-swe_h","10":"tm-no-options-pxq","12":"first","13":"instock","14":"taxable","15":"shipping-taxable","16":"purchasable","17":"product-type-variable"},"_links":{"self":[{"href":"https:\/\/uniformelaboral.com\/index.php\/wp-json\/wp\/v2\/product\/25712","targetHints":{"allow":["GET"]}}],"collection":[{"href":"https:\/\/uniformelaboral.com\/index.php\/wp-json\/wp\/v2\/product"}],"about":[{"href":"https:\/\/uniformelaboral.com\/index.php\/wp-json\/wp\/v2\/types\/product"}],"wp:featuredmedia":[{"embeddable":true,"href":"https:\/\/uniformelaboral.com\/index.php\/wp-json\/wp\/v2\/media\/25713"}],"wp:attachment":[{"href":"https:\/\/uniformelaboral.com\/index.php\/wp-json\/wp\/v2\/media?parent=25712"}],"wp:term":[{"taxonomy":"product_brand","embeddable":true,"href":"https:\/\/uniformelaboral.com\/index.php\/wp-json\/wp\/v2\/product_brand?post=25712"},{"taxonomy":"product_cat","embeddable":true,"href":"https:\/\/uniformelaboral.com\/index.php\/wp-json\/wp\/v2\/product_cat?post=25712"},{"taxonomy":"product_tag","embeddable":true,"href":"https:\/\/uniformelaboral.com\/index.php\/wp-json\/wp\/v2\/product_tag?post=25712"}],"curies":[{"name":"wp","href":"https:\/\/api.w.org\/{rel}","templated":true}]}}