{"id":25504,"date":"2025-02-26T11:56:06","date_gmt":"2025-02-26T10:56:06","guid":{"rendered":"https:\/\/uniformelaboral.com\/index.php\/producto\/badet\/"},"modified":"2025-02-26T11:59:22","modified_gmt":"2025-02-26T10:59:22","slug":"badet","status":"publish","type":"product","link":"https:\/\/uniformelaboral.com\/index.php\/producto\/badet\/","title":{"rendered":"BADET"},"content":{"rendered":"<p>Dessuadora bicolor unisex. Caputxa amb coll creuat i traus met\u00e0l.lics, interior i cordons en contrast. M\u00e0niga estil rangl\u00e0n en contrast. Butxaca cangur. Punys i baixos en punt de canal\u00e9 amb elast\u00e0 1&#215;1.<br \/>Composition: 50% cot\u00f3 \/ 50% poli\u00e8ster, pelfa perxada, 280 g\/m\u00b2.<br \/>\nColor Gris vigor\u00e9: 55% acot\u00f3 \/ 40% poli\u00e8ster \/ 5% viscosa.<br \/>Remarks: *Etiqueta extra\u00efble.<br \/><img decoding=\"async\" src=\"https:\/\/static.gorfactory.es\/pics\/measures\/SU_HO.jpg\"><\/p>\n","protected":false},"excerpt":{"rendered":"<p>Dessuadora bicolor unisex. Caputxa amb coll creuat i traus met\u00e0l.lics, interior i cordons en contrast. M\u00e0niga estil rangl\u00e0n en contrast. Butxaca cangur. Punys i baixos en punt de canal\u00e9 amb elast\u00e0 1&#215;1.Composition: 50% cot\u00f3 \/ 50% poli\u00e8ster, pelfa perxada, 280 g\/m\u00b2. Color Gris vigor\u00e9: 55% acot\u00f3 \/ 40% poli\u00e8ster \/ 5% viscosa.Remarks: *Etiqueta extra\u00efble.<\/p>\n","protected":false},"featured_media":25505,"template":"","meta":{"_joinchat":[]},"product_brand":[],"product_cat":[1085,1084,1086],"product_tag":[],"class_list":{"0":"post-25504","1":"product","2":"type-product","3":"status-publish","4":"has-post-thumbnail","6":"product_cat-swe","7":"product_cat-sud_cha","8":"product_cat-swe_h","9":"tm-no-options-pxq","11":"first","12":"instock","13":"taxable","14":"shipping-taxable","15":"purchasable","16":"product-type-variable"},"_links":{"self":[{"href":"https:\/\/uniformelaboral.com\/index.php\/wp-json\/wp\/v2\/product\/25504","targetHints":{"allow":["GET"]}}],"collection":[{"href":"https:\/\/uniformelaboral.com\/index.php\/wp-json\/wp\/v2\/product"}],"about":[{"href":"https:\/\/uniformelaboral.com\/index.php\/wp-json\/wp\/v2\/types\/product"}],"wp:featuredmedia":[{"embeddable":true,"href":"https:\/\/uniformelaboral.com\/index.php\/wp-json\/wp\/v2\/media\/25505"}],"wp:attachment":[{"href":"https:\/\/uniformelaboral.com\/index.php\/wp-json\/wp\/v2\/media?parent=25504"}],"wp:term":[{"taxonomy":"product_brand","embeddable":true,"href":"https:\/\/uniformelaboral.com\/index.php\/wp-json\/wp\/v2\/product_brand?post=25504"},{"taxonomy":"product_cat","embeddable":true,"href":"https:\/\/uniformelaboral.com\/index.php\/wp-json\/wp\/v2\/product_cat?post=25504"},{"taxonomy":"product_tag","embeddable":true,"href":"https:\/\/uniformelaboral.com\/index.php\/wp-json\/wp\/v2\/product_tag?post=25504"}],"curies":[{"name":"wp","href":"https:\/\/api.w.org\/{rel}","templated":true}]}}