{"id":25399,"date":"2025-02-26T11:53:54","date_gmt":"2025-02-26T10:53:54","guid":{"rendered":"https:\/\/uniformelaboral.com\/index.php\/producto\/malone\/"},"modified":"2025-02-26T11:55:05","modified_gmt":"2025-02-26T10:55:05","slug":"malone","status":"publish","type":"product","link":"https:\/\/uniformelaboral.com\/index.php\/producto\/malone\/","title":{"rendered":"MALONE"},"content":{"rendered":"<p>Dessuadora estampat camuflatge, coll de caixa en forma arrodonida i rivet de canal\u00e9. Punt de canal\u00e9 1&#215;1 amb elast\u00e0, a la cintura i als punys. <br \/>Composition: 60% cot\u00f3 \/ 40% poli\u00e8ster, pelfa no perxada, punt trencat, 290 g\/m\u00b2.<br \/>Remarks: *Etiqueta extra\u00efble.<br \/>\n*Duo Concept.<br \/><img decoding=\"async\" src=\"https:\/\/static.gorfactory.es\/pics\/measures\/SU_HO.jpg\"><\/p>\n","protected":false},"excerpt":{"rendered":"<p>Dessuadora estampat camuflatge, coll de caixa en forma arrodonida i rivet de canal\u00e9. Punt de canal\u00e9 1&#215;1 amb elast\u00e0, a la cintura i als punys. Composition: 60% cot\u00f3 \/ 40% poli\u00e8ster, pelfa no perxada, punt trencat, 290 g\/m\u00b2.Remarks: *Etiqueta extra\u00efble. *Duo Concept.<\/p>\n","protected":false},"featured_media":25400,"template":"","meta":{"_joinchat":[]},"product_brand":[],"product_cat":[1067,1071,654,1072],"product_tag":[],"class_list":{"0":"post-25399","1":"product","2":"type-product","3":"status-publish","4":"has-post-thumbnail","6":"product_cat-rolyeco","7":"product_cat-novelty_roly","8":"product_cat-sports-indumentaria-base","9":"product_cat-wint_sp","10":"tm-no-options-pxq","12":"first","13":"instock","14":"taxable","15":"shipping-taxable","16":"purchasable","17":"product-type-variable"},"_links":{"self":[{"href":"https:\/\/uniformelaboral.com\/index.php\/wp-json\/wp\/v2\/product\/25399","targetHints":{"allow":["GET"]}}],"collection":[{"href":"https:\/\/uniformelaboral.com\/index.php\/wp-json\/wp\/v2\/product"}],"about":[{"href":"https:\/\/uniformelaboral.com\/index.php\/wp-json\/wp\/v2\/types\/product"}],"wp:featuredmedia":[{"embeddable":true,"href":"https:\/\/uniformelaboral.com\/index.php\/wp-json\/wp\/v2\/media\/25400"}],"wp:attachment":[{"href":"https:\/\/uniformelaboral.com\/index.php\/wp-json\/wp\/v2\/media?parent=25399"}],"wp:term":[{"taxonomy":"product_brand","embeddable":true,"href":"https:\/\/uniformelaboral.com\/index.php\/wp-json\/wp\/v2\/product_brand?post=25399"},{"taxonomy":"product_cat","embeddable":true,"href":"https:\/\/uniformelaboral.com\/index.php\/wp-json\/wp\/v2\/product_cat?post=25399"},{"taxonomy":"product_tag","embeddable":true,"href":"https:\/\/uniformelaboral.com\/index.php\/wp-json\/wp\/v2\/product_tag?post=25399"}],"curies":[{"name":"wp","href":"https:\/\/api.w.org\/{rel}","templated":true}]}}