{"id":25161,"date":"2025-02-26T11:47:46","date_gmt":"2025-02-26T10:47:46","guid":{"rendered":"https:\/\/uniformelaboral.com\/index.php\/producto\/antartida-woman\/"},"modified":"2025-02-26T11:49:34","modified_gmt":"2025-02-26T10:49:34","slug":"antartida-woman","status":"publish","type":"product","link":"https:\/\/uniformelaboral.com\/index.php\/producto\/antartida-woman\/","title":{"rendered":"ANTARTIDA WOMAN"},"content":{"rendered":"<p>Soft Shell format per 2 capes.<br \/>\n1.-Cremallera invertida amb efecte segellat, protector de barbeta combinada i tirador.<br \/>\n2.- Tres butxaques exteriors amb cremallera combinada amb tirador.<br \/>\n3.-Ajustadors als punys amb velcro.<br \/>\n4-Baixos amb cord\u00f3 el\u00e0stic i topalls. <br \/>Composition: Dues capes. Exterior: 92 % poli\u00e8ster \/ 8% elast\u00e0. Interior 100% poli\u00e8ster micropolar extrac\u00e0lid. 300 g\/m\u00b2.<br \/>Remarks: *Teixit a prova de vent.<br \/>\n*Resistent a l&#8217;aigua.<br \/>\n*Duo Concept.<br \/>\n*Tall entallat en el model de dona.<br \/>\n* M\u00e0niga raglan nom\u00e9s en el model femen\u00ed.<br \/>\n*Pluviometria 1000 mm.<br \/>\n*Recordi les limitacions en aquest tipus de teixit i la necessitat de protegir de migracions la tinta del dibuix al fer marcats i estampacions sobre el mateix.<br \/><img decoding=\"async\" src=\"https:\/\/static.gorfactory.es\/pics\/measures\/SS6433.jpg\"><\/p>\n","protected":false},"excerpt":{"rendered":"<p>Soft Shell format per 2 capes. 1.-Cremallera invertida amb efecte segellat, protector de barbeta combinada i tirador. 2.- Tres butxaques exteriors amb cremallera combinada amb tirador. 3.-Ajustadors als punys amb velcro. 4-Baixos amb cord\u00f3 el\u00e0stic i topalls. Composition: Dues capes. Exterior: 92 % poli\u00e8ster \/ 8% elast\u00e0. Interior 100% poli\u00e8ster micropolar extrac\u00e0lid. 300 g\/m\u00b2.Remarks: *Teixit [&hellip;]<\/p>\n","protected":false},"featured_media":25162,"template":"","meta":{"_joinchat":[]},"product_brand":[],"product_cat":[1088,1165,1093,1097],"product_tag":[],"class_list":{"0":"post-25161","1":"product","2":"type-product","3":"status-publish","4":"has-post-thumbnail","6":"product_cat-coats","7":"product_cat-basic","8":"product_cat-softshell","9":"product_cat-workwear","10":"tm-no-options-pxq","12":"first","13":"instock","14":"taxable","15":"shipping-taxable","16":"purchasable","17":"product-type-variable"},"_links":{"self":[{"href":"https:\/\/uniformelaboral.com\/index.php\/wp-json\/wp\/v2\/product\/25161","targetHints":{"allow":["GET"]}}],"collection":[{"href":"https:\/\/uniformelaboral.com\/index.php\/wp-json\/wp\/v2\/product"}],"about":[{"href":"https:\/\/uniformelaboral.com\/index.php\/wp-json\/wp\/v2\/types\/product"}],"wp:featuredmedia":[{"embeddable":true,"href":"https:\/\/uniformelaboral.com\/index.php\/wp-json\/wp\/v2\/media\/25162"}],"wp:attachment":[{"href":"https:\/\/uniformelaboral.com\/index.php\/wp-json\/wp\/v2\/media?parent=25161"}],"wp:term":[{"taxonomy":"product_brand","embeddable":true,"href":"https:\/\/uniformelaboral.com\/index.php\/wp-json\/wp\/v2\/product_brand?post=25161"},{"taxonomy":"product_cat","embeddable":true,"href":"https:\/\/uniformelaboral.com\/index.php\/wp-json\/wp\/v2\/product_cat?post=25161"},{"taxonomy":"product_tag","embeddable":true,"href":"https:\/\/uniformelaboral.com\/index.php\/wp-json\/wp\/v2\/product_tag?post=25161"}],"curies":[{"name":"wp","href":"https:\/\/api.w.org\/{rel}","templated":true}]}}