{"id":24677,"date":"2025-02-26T11:36:24","date_gmt":"2025-02-26T10:36:24","guid":{"rendered":"https:\/\/uniformelaboral.com\/index.php\/producto\/nevada\/"},"modified":"2025-02-26T11:36:55","modified_gmt":"2025-02-26T10:36:55","slug":"nevada","status":"publish","type":"product","link":"https:\/\/uniformelaboral.com\/index.php\/producto\/nevada\/","title":{"rendered":"NEVADA"},"content":{"rendered":"<p>Armilla Soft-Shell formada per 2 capes.<br \/>\n1.- Cremallera invertida efecte sellat en contrast, amb protector de barbeta i tirador.<br \/>\n2.- Tres butxaques exteriors amb cremallera combinada amb tirador.<br \/>\n3.- Baixos amb cord\u00f3 el\u00e0stic i topalls.<br \/>Composition: Exterior: 92% poli\u00e8ster\/8% elast\u00e0.<br \/>\nInterior: 100% poli\u00e8ster micropolar extra c\u00e0lid, 300 g\/m\u00b2.<br \/>Remarks: * Model resistent a l&#8217;aigua.<br \/>\n* Model a prova de vent.<br \/>\n* Recordeu les limitacions d&#8217;aquest tipus de teixit i la necessitat de protegir de migracions la tinta del dibuix al fer marcats i estampacions sobre el mateix.<br \/><img decoding=\"async\" src=\"https:\/\/static.gorfactory.es\/pics\/measures\/RA1199.jpg\"><\/p>\n","protected":false},"excerpt":{"rendered":"<p>Armilla Soft-Shell formada per 2 capes. 1.- Cremallera invertida efecte sellat en contrast, amb protector de barbeta i tirador. 2.- Tres butxaques exteriors amb cremallera combinada amb tirador. 3.- Baixos amb cord\u00f3 el\u00e0stic i topalls.Composition: Exterior: 92% poli\u00e8ster\/8% elast\u00e0. Interior: 100% poli\u00e8ster micropolar extra c\u00e0lid, 300 g\/m\u00b2.Remarks: * Model resistent a l&#8217;aigua. * Model a [&hellip;]<\/p>\n","protected":false},"featured_media":24678,"template":"","meta":{"_joinchat":[]},"product_brand":[],"product_cat":[1088,1165,1090,1093,1097],"product_tag":[],"class_list":{"0":"post-24677","1":"product","2":"type-product","3":"status-publish","4":"has-post-thumbnail","6":"product_cat-coats","7":"product_cat-basic","8":"product_cat-cha","9":"product_cat-softshell","10":"product_cat-workwear","11":"tm-no-options-pxq","13":"first","14":"instock","15":"taxable","16":"shipping-taxable","17":"purchasable","18":"product-type-variable"},"_links":{"self":[{"href":"https:\/\/uniformelaboral.com\/index.php\/wp-json\/wp\/v2\/product\/24677","targetHints":{"allow":["GET"]}}],"collection":[{"href":"https:\/\/uniformelaboral.com\/index.php\/wp-json\/wp\/v2\/product"}],"about":[{"href":"https:\/\/uniformelaboral.com\/index.php\/wp-json\/wp\/v2\/types\/product"}],"wp:featuredmedia":[{"embeddable":true,"href":"https:\/\/uniformelaboral.com\/index.php\/wp-json\/wp\/v2\/media\/24678"}],"wp:attachment":[{"href":"https:\/\/uniformelaboral.com\/index.php\/wp-json\/wp\/v2\/media?parent=24677"}],"wp:term":[{"taxonomy":"product_brand","embeddable":true,"href":"https:\/\/uniformelaboral.com\/index.php\/wp-json\/wp\/v2\/product_brand?post=24677"},{"taxonomy":"product_cat","embeddable":true,"href":"https:\/\/uniformelaboral.com\/index.php\/wp-json\/wp\/v2\/product_cat?post=24677"},{"taxonomy":"product_tag","embeddable":true,"href":"https:\/\/uniformelaboral.com\/index.php\/wp-json\/wp\/v2\/product_tag?post=24677"}],"curies":[{"name":"wp","href":"https:\/\/api.w.org\/{rel}","templated":true}]}}