{"id":24519,"date":"2025-02-26T11:32:37","date_gmt":"2025-02-26T10:32:37","guid":{"rendered":"https:\/\/uniformelaboral.com\/index.php\/producto\/samurai\/"},"modified":"2025-02-26T11:33:27","modified_gmt":"2025-02-26T10:33:27","slug":"samurai","status":"publish","type":"product","link":"https:\/\/uniformelaboral.com\/index.php\/producto\/samurai\/","title":{"rendered":"SAMURAI"},"content":{"rendered":"<p>Polo de m\u00e0niga curta amb colors combinats. Coll i mitja m\u00e0niga amb rivet de canal\u00e9 1&#215;1. Tapeta amb 2 botons. Cobreix costures refor\u00e7at al coll. Obertures laterals al baix. Peces d&#8217;espatlles i detalls a contrast. Butxaca opcional a contrast.<br \/>Composition: 100% poli\u00e8ster piqu\u00e9, 160 g \/ m\u00b2.<br \/>Remarks: Etiqueta extra\u00efble.<br \/><img decoding=\"async\" src=\"https:\/\/static.gorfactory.es\/pics\/measures\/PO_MC_HO.jpg\"><\/p>\n","protected":false},"excerpt":{"rendered":"<p>Polo de m\u00e0niga curta amb colors combinats. Coll i mitja m\u00e0niga amb rivet de canal\u00e9 1&#215;1. Tapeta amb 2 botons. Cobreix costures refor\u00e7at al coll. Obertures laterals al baix. Peces d&#8217;espatlles i detalls a contrast. Butxaca opcional a contrast.Composition: 100% poli\u00e8ster piqu\u00e9, 160 g \/ m\u00b2.Remarks: Etiqueta extra\u00efble.<\/p>\n","protected":false},"featured_media":24520,"template":"","meta":{"_joinchat":[]},"product_brand":[],"product_cat":[1105,1117,1097],"product_tag":[],"class_list":{"0":"post-24519","1":"product","2":"type-product","3":"status-publish","4":"has-post-thumbnail","6":"product_cat-industry_services","7":"product_cat-serviciospolos","8":"product_cat-workwear","9":"tm-no-options-pxq","11":"first","12":"instock","13":"taxable","14":"shipping-taxable","15":"purchasable","16":"product-type-variable"},"_links":{"self":[{"href":"https:\/\/uniformelaboral.com\/index.php\/wp-json\/wp\/v2\/product\/24519","targetHints":{"allow":["GET"]}}],"collection":[{"href":"https:\/\/uniformelaboral.com\/index.php\/wp-json\/wp\/v2\/product"}],"about":[{"href":"https:\/\/uniformelaboral.com\/index.php\/wp-json\/wp\/v2\/types\/product"}],"wp:featuredmedia":[{"embeddable":true,"href":"https:\/\/uniformelaboral.com\/index.php\/wp-json\/wp\/v2\/media\/24520"}],"wp:attachment":[{"href":"https:\/\/uniformelaboral.com\/index.php\/wp-json\/wp\/v2\/media?parent=24519"}],"wp:term":[{"taxonomy":"product_brand","embeddable":true,"href":"https:\/\/uniformelaboral.com\/index.php\/wp-json\/wp\/v2\/product_brand?post=24519"},{"taxonomy":"product_cat","embeddable":true,"href":"https:\/\/uniformelaboral.com\/index.php\/wp-json\/wp\/v2\/product_cat?post=24519"},{"taxonomy":"product_tag","embeddable":true,"href":"https:\/\/uniformelaboral.com\/index.php\/wp-json\/wp\/v2\/product_tag?post=24519"}],"curies":[{"name":"wp","href":"https:\/\/api.w.org\/{rel}","templated":true}]}}