{"id":24495,"date":"2025-02-26T11:32:06","date_gmt":"2025-02-26T10:32:06","guid":{"rendered":"https:\/\/uniformelaboral.com\/index.php\/producto\/rover-l-s\/"},"modified":"2025-02-26T11:32:37","modified_gmt":"2025-02-26T10:32:37","slug":"rover-l-s","status":"publish","type":"product","link":"https:\/\/uniformelaboral.com\/index.php\/producto\/rover-l-s\/","title":{"rendered":"ROVER L\/S"},"content":{"rendered":"<p>Polo de m\u00e0niga llarga. Coll i punys de canal\u00e9 1&#215;1. Tapeta amb tancament de velcro. Cobreix costures refor\u00e7at en coll. Obertures laterals al baix.<br \/>Composition: 100% cot\u00f3, piqu\u00e9, 200 g \/ m\u00b2.<br \/>Remarks: * Etiqueta extra\u00efble.<br \/><img decoding=\"async\" src=\"https:\/\/static.gorfactory.es\/pics\/measures\/PO_MC_HO.jpg\"><\/p>\n","protected":false},"excerpt":{"rendered":"<p>Polo de m\u00e0niga llarga. Coll i punys de canal\u00e9 1&#215;1. Tapeta amb tancament de velcro. Cobreix costures refor\u00e7at en coll. Obertures laterals al baix.Composition: 100% cot\u00f3, piqu\u00e9, 200 g \/ m\u00b2.Remarks: * Etiqueta extra\u00efble.<\/p>\n","protected":false},"featured_media":24496,"template":"","meta":{"_joinchat":[]},"product_brand":[],"product_cat":[1116,1097],"product_tag":[],"class_list":{"0":"post-24495","1":"product","2":"type-product","3":"status-publish","4":"has-post-thumbnail","6":"product_cat-food","7":"product_cat-workwear","8":"tm-no-options-pxq","10":"first","11":"instock","12":"taxable","13":"shipping-taxable","14":"purchasable","15":"product-type-variable"},"_links":{"self":[{"href":"https:\/\/uniformelaboral.com\/index.php\/wp-json\/wp\/v2\/product\/24495","targetHints":{"allow":["GET"]}}],"collection":[{"href":"https:\/\/uniformelaboral.com\/index.php\/wp-json\/wp\/v2\/product"}],"about":[{"href":"https:\/\/uniformelaboral.com\/index.php\/wp-json\/wp\/v2\/types\/product"}],"wp:featuredmedia":[{"embeddable":true,"href":"https:\/\/uniformelaboral.com\/index.php\/wp-json\/wp\/v2\/media\/24496"}],"wp:attachment":[{"href":"https:\/\/uniformelaboral.com\/index.php\/wp-json\/wp\/v2\/media?parent=24495"}],"wp:term":[{"taxonomy":"product_brand","embeddable":true,"href":"https:\/\/uniformelaboral.com\/index.php\/wp-json\/wp\/v2\/product_brand?post=24495"},{"taxonomy":"product_cat","embeddable":true,"href":"https:\/\/uniformelaboral.com\/index.php\/wp-json\/wp\/v2\/product_cat?post=24495"},{"taxonomy":"product_tag","embeddable":true,"href":"https:\/\/uniformelaboral.com\/index.php\/wp-json\/wp\/v2\/product_tag?post=24495"}],"curies":[{"name":"wp","href":"https:\/\/api.w.org\/{rel}","templated":true}]}}