{"id":24326,"date":"2025-02-26T11:28:12","date_gmt":"2025-02-26T10:28:12","guid":{"rendered":"https:\/\/uniformelaboral.com\/index.php\/producto\/imperium\/"},"modified":"2025-02-26T11:30:25","modified_gmt":"2025-02-26T10:30:25","slug":"imperium","status":"publish","type":"product","link":"https:\/\/uniformelaboral.com\/index.php\/producto\/imperium\/","title":{"rendered":"IMPERIUM"},"content":{"rendered":"<p>Polo d\u2019home de m\u00e0niga curta d\u2019alta qualitat, de teixit c\u00f2mode. Coll amb tapeta de tres botons a to amb el teixit. Solapa i rivet de la m\u00e0niga acanalat. Cobrecostures de refor\u00e7 a l\u2019interior del coll. Obertures laterals amb cobrecostures a to. El patronatge de l\u2019esquena \u00e9s lleugerament m\u00e9s llarg que el de davant. Doble costura a les espatlles, les m\u00e0nigues i la part inferior de la pe\u00e7a.<br \/>Composition: 100% cot\u00f3 pentinat \/ 4% punt piqu\u00e9, 220 g\/m\u00b2.<br \/>\nColor gris vigor\u00e9 58: 85% cot\u00f3 \/ 15% viscosa.<br \/>Remarks: *Etiqueta extra\u00efble.<br \/>\n*Butxaca opcional<br \/>\n<br \/><img decoding=\"async\" src=\"https:\/\/static.gorfactory.es\/pics\/measures\/PO_MC_HO.jpg\"><\/p>\n","protected":false},"excerpt":{"rendered":"<p>Polo d\u2019home de m\u00e0niga curta d\u2019alta qualitat, de teixit c\u00f2mode. Coll amb tapeta de tres botons a to amb el teixit. Solapa i rivet de la m\u00e0niga acanalat. Cobrecostures de refor\u00e7 a l\u2019interior del coll. Obertures laterals amb cobrecostures a to. El patronatge de l\u2019esquena \u00e9s lleugerament m\u00e9s llarg que el de davant. Doble costura [&hellip;]<\/p>\n","protected":false},"featured_media":24327,"template":"","meta":{"_joinchat":[]},"product_brand":[],"product_cat":[1165,1076,1077,1078,1097],"product_tag":[],"class_list":{"0":"post-24326","1":"product","2":"type-product","3":"status-publish","4":"has-post-thumbnail","6":"product_cat-basic","7":"product_cat-cam_po","8":"product_cat-pol_s","9":"product_cat-pmc","10":"product_cat-workwear","11":"tm-no-options-pxq","13":"first","14":"instock","15":"taxable","16":"shipping-taxable","17":"purchasable","18":"product-type-variable"},"_links":{"self":[{"href":"https:\/\/uniformelaboral.com\/index.php\/wp-json\/wp\/v2\/product\/24326","targetHints":{"allow":["GET"]}}],"collection":[{"href":"https:\/\/uniformelaboral.com\/index.php\/wp-json\/wp\/v2\/product"}],"about":[{"href":"https:\/\/uniformelaboral.com\/index.php\/wp-json\/wp\/v2\/types\/product"}],"wp:featuredmedia":[{"embeddable":true,"href":"https:\/\/uniformelaboral.com\/index.php\/wp-json\/wp\/v2\/media\/24327"}],"wp:attachment":[{"href":"https:\/\/uniformelaboral.com\/index.php\/wp-json\/wp\/v2\/media?parent=24326"}],"wp:term":[{"taxonomy":"product_brand","embeddable":true,"href":"https:\/\/uniformelaboral.com\/index.php\/wp-json\/wp\/v2\/product_brand?post=24326"},{"taxonomy":"product_cat","embeddable":true,"href":"https:\/\/uniformelaboral.com\/index.php\/wp-json\/wp\/v2\/product_cat?post=24326"},{"taxonomy":"product_tag","embeddable":true,"href":"https:\/\/uniformelaboral.com\/index.php\/wp-json\/wp\/v2\/product_tag?post=24326"}],"curies":[{"name":"wp","href":"https:\/\/api.w.org\/{rel}","templated":true}]}}