{"id":24189,"date":"2025-02-26T11:25:15","date_gmt":"2025-02-26T10:25:15","guid":{"rendered":"https:\/\/uniformelaboral.com\/index.php\/producto\/montreal\/"},"modified":"2025-02-26T11:26:12","modified_gmt":"2025-02-26T10:26:12","slug":"montreal","status":"publish","type":"product","link":"https:\/\/uniformelaboral.com\/index.php\/producto\/montreal\/","title":{"rendered":"MONTREAL"},"content":{"rendered":"<p>Polo de m\u00e0niga curta, coll amb tapeta de 3 botones a to. Tapeta interior en contrast amb la tapeta exterior. Coll i bocam\u00e0nigues acanalats, tapacostures refor\u00e7at al coll. Obertures laterals. <br \/>Composition: 100% cot\u00f3 pentinat, punt piqu\u00e9, 230 g\/m\u00b2.<br \/>Remarks: *Etiqueta extra\u00efble.<br \/><img decoding=\"async\" src=\"https:\/\/static.gorfactory.es\/pics\/measures\/PO_MC_HO.jpg\"><\/p>\n","protected":false},"excerpt":{"rendered":"<p>Polo de m\u00e0niga curta, coll amb tapeta de 3 botones a to. Tapeta interior en contrast amb la tapeta exterior. Coll i bocam\u00e0nigues acanalats, tapacostures refor\u00e7at al coll. Obertures laterals. Composition: 100% cot\u00f3 pentinat, punt piqu\u00e9, 230 g\/m\u00b2.Remarks: *Etiqueta extra\u00efble.<\/p>\n","protected":false},"featured_media":24190,"template":"","meta":{"_joinchat":[]},"product_brand":[],"product_cat":[1165,1076,1077,1078,1097],"product_tag":[],"class_list":{"0":"post-24189","1":"product","2":"type-product","3":"status-publish","4":"has-post-thumbnail","6":"product_cat-basic","7":"product_cat-cam_po","8":"product_cat-pol_s","9":"product_cat-pmc","10":"product_cat-workwear","11":"tm-no-options-pxq","13":"first","14":"instock","15":"taxable","16":"shipping-taxable","17":"purchasable","18":"product-type-variable"},"_links":{"self":[{"href":"https:\/\/uniformelaboral.com\/index.php\/wp-json\/wp\/v2\/product\/24189","targetHints":{"allow":["GET"]}}],"collection":[{"href":"https:\/\/uniformelaboral.com\/index.php\/wp-json\/wp\/v2\/product"}],"about":[{"href":"https:\/\/uniformelaboral.com\/index.php\/wp-json\/wp\/v2\/types\/product"}],"wp:featuredmedia":[{"embeddable":true,"href":"https:\/\/uniformelaboral.com\/index.php\/wp-json\/wp\/v2\/media\/24190"}],"wp:attachment":[{"href":"https:\/\/uniformelaboral.com\/index.php\/wp-json\/wp\/v2\/media?parent=24189"}],"wp:term":[{"taxonomy":"product_brand","embeddable":true,"href":"https:\/\/uniformelaboral.com\/index.php\/wp-json\/wp\/v2\/product_brand?post=24189"},{"taxonomy":"product_cat","embeddable":true,"href":"https:\/\/uniformelaboral.com\/index.php\/wp-json\/wp\/v2\/product_cat?post=24189"},{"taxonomy":"product_tag","embeddable":true,"href":"https:\/\/uniformelaboral.com\/index.php\/wp-json\/wp\/v2\/product_tag?post=24189"}],"curies":[{"name":"wp","href":"https:\/\/api.w.org\/{rel}","templated":true}]}}