{"id":23797,"date":"2025-02-26T11:16:20","date_gmt":"2025-02-26T10:16:20","guid":{"rendered":"https:\/\/uniformelaboral.com\/index.php\/producto\/carpe\/"},"modified":"2025-02-26T11:17:23","modified_gmt":"2025-02-26T10:17:23","slug":"carpe","status":"publish","type":"product","link":"https:\/\/uniformelaboral.com\/index.php\/producto\/carpe\/","title":{"rendered":"CARPE"},"content":{"rendered":"<p>Polo de m\u00e0niga llarga, amb coll i bocam\u00e0nigues acanalats, punys canal\u00e9 1&#215;1 amb elast\u00e0 i tapacostures refor\u00e7at al coll. Tapeta de 3 botons. Obertures laterals.<br \/>Composition: 65% poli\u00e8ster \/ 35% cot\u00f3, punt piqu\u00e9, 220 g\/m\u00b2.<br \/>Remarks:<br \/>\n* Color Blau Mar\u00ed 55 disponible en XXXL.<br \/>\n* Butxaca opcional.<br \/>\n* Etiqueta extra\u00efble.<br \/><img decoding=\"async\" src=\"https:\/\/static.gorfactory.es\/pics\/measures\/PO_MC_HO.jpg\"><\/p>\n","protected":false},"excerpt":{"rendered":"<p>Polo de m\u00e0niga llarga, amb coll i bocam\u00e0nigues acanalats, punys canal\u00e9 1&#215;1 amb elast\u00e0 i tapacostures refor\u00e7at al coll. Tapeta de 3 botons. Obertures laterals.Composition: 65% poli\u00e8ster \/ 35% cot\u00f3, punt piqu\u00e9, 220 g\/m\u00b2.Remarks: * Color Blau Mar\u00ed 55 disponible en XXXL. * Butxaca opcional. * Etiqueta extra\u00efble.<\/p>\n","protected":false},"featured_media":23798,"template":"","meta":{"_joinchat":[]},"product_brand":[],"product_cat":[1165,1076,1077,1100,1097],"product_tag":[],"class_list":{"0":"post-23797","1":"product","2":"type-product","3":"status-publish","4":"has-post-thumbnail","6":"product_cat-basic","7":"product_cat-cam_po","8":"product_cat-pol_s","9":"product_cat-pol_w","10":"product_cat-workwear","11":"tm-no-options-pxq","13":"first","14":"instock","15":"taxable","16":"shipping-taxable","17":"purchasable","18":"product-type-variable"},"_links":{"self":[{"href":"https:\/\/uniformelaboral.com\/index.php\/wp-json\/wp\/v2\/product\/23797","targetHints":{"allow":["GET"]}}],"collection":[{"href":"https:\/\/uniformelaboral.com\/index.php\/wp-json\/wp\/v2\/product"}],"about":[{"href":"https:\/\/uniformelaboral.com\/index.php\/wp-json\/wp\/v2\/types\/product"}],"wp:featuredmedia":[{"embeddable":true,"href":"https:\/\/uniformelaboral.com\/index.php\/wp-json\/wp\/v2\/media\/23798"}],"wp:attachment":[{"href":"https:\/\/uniformelaboral.com\/index.php\/wp-json\/wp\/v2\/media?parent=23797"}],"wp:term":[{"taxonomy":"product_brand","embeddable":true,"href":"https:\/\/uniformelaboral.com\/index.php\/wp-json\/wp\/v2\/product_brand?post=23797"},{"taxonomy":"product_cat","embeddable":true,"href":"https:\/\/uniformelaboral.com\/index.php\/wp-json\/wp\/v2\/product_cat?post=23797"},{"taxonomy":"product_tag","embeddable":true,"href":"https:\/\/uniformelaboral.com\/index.php\/wp-json\/wp\/v2\/product_tag?post=23797"}],"curies":[{"name":"wp","href":"https:\/\/api.w.org\/{rel}","templated":true}]}}