{"id":23437,"date":"2025-02-26T11:08:11","date_gmt":"2025-02-26T10:08:11","guid":{"rendered":"https:\/\/uniformelaboral.com\/index.php\/producto\/andre\/"},"modified":"2025-02-26T11:10:33","modified_gmt":"2025-02-26T10:10:33","slug":"andre","status":"publish","type":"product","link":"https:\/\/uniformelaboral.com\/index.php\/producto\/andre\/","title":{"rendered":"ANDRE"},"content":{"rendered":"<p>Samarreta t\u00e8cnica de tirants.<br \/>\nCostura angular per millorar l`adaptaci\u00f3.<br \/>Composition: 100% poli\u00e8ster piqu\u00e9,140 g\/m\u00b2.<br \/>Remarks: *Teixit transpirable de f\u00e0cil rentat i assecat<br \/>\n*Etiqueta extra\u00efble.<br \/>\n*Teixit t\u00e8cnic.<br \/><img decoding=\"async\" src=\"https:\/\/static.gorfactory.es\/pics\/measures\/PD0350.jpg\"><\/p>\n","protected":false},"excerpt":{"rendered":"<p>Samarreta t\u00e8cnica de tirants. Costura angular per millorar l`adaptaci\u00f3.Composition: 100% poli\u00e8ster piqu\u00e9,140 g\/m\u00b2.Remarks: *Teixit transpirable de f\u00e0cil rentat i assecat *Etiqueta extra\u00efble. *Teixit t\u00e8cnic.<\/p>\n","protected":false},"featured_media":23438,"template":"","meta":{"_joinchat":[]},"product_brand":[],"product_cat":[1065,654],"product_tag":[],"class_list":{"0":"post-23437","1":"product","2":"type-product","3":"status-publish","4":"has-post-thumbnail","6":"product_cat-cam_sp","7":"product_cat-sports-indumentaria-base","8":"tm-no-options-pxq","10":"first","11":"instock","12":"taxable","13":"shipping-taxable","14":"purchasable","15":"product-type-variable"},"_links":{"self":[{"href":"https:\/\/uniformelaboral.com\/index.php\/wp-json\/wp\/v2\/product\/23437","targetHints":{"allow":["GET"]}}],"collection":[{"href":"https:\/\/uniformelaboral.com\/index.php\/wp-json\/wp\/v2\/product"}],"about":[{"href":"https:\/\/uniformelaboral.com\/index.php\/wp-json\/wp\/v2\/types\/product"}],"wp:featuredmedia":[{"embeddable":true,"href":"https:\/\/uniformelaboral.com\/index.php\/wp-json\/wp\/v2\/media\/23438"}],"wp:attachment":[{"href":"https:\/\/uniformelaboral.com\/index.php\/wp-json\/wp\/v2\/media?parent=23437"}],"wp:term":[{"taxonomy":"product_brand","embeddable":true,"href":"https:\/\/uniformelaboral.com\/index.php\/wp-json\/wp\/v2\/product_brand?post=23437"},{"taxonomy":"product_cat","embeddable":true,"href":"https:\/\/uniformelaboral.com\/index.php\/wp-json\/wp\/v2\/product_cat?post=23437"},{"taxonomy":"product_tag","embeddable":true,"href":"https:\/\/uniformelaboral.com\/index.php\/wp-json\/wp\/v2\/product_tag?post=23437"}],"curies":[{"name":"wp","href":"https:\/\/api.w.org\/{rel}","templated":true}]}}