{"id":23329,"date":"2025-02-26T11:05:30","date_gmt":"2025-02-26T10:05:30","guid":{"rendered":"https:\/\/uniformelaboral.com\/index.php\/producto\/everton\/"},"modified":"2025-02-26T11:06:09","modified_gmt":"2025-02-26T10:06:09","slug":"everton","status":"publish","type":"product","link":"https:\/\/uniformelaboral.com\/index.php\/producto\/everton\/","title":{"rendered":"EVERTON"},"content":{"rendered":"<p>Pantal\u00f3 curt esportiu amb slip interior. Cintura el\u00e0stica amb cord\u00f3 interior creuat per a facilitar-ne l\u2019ajustament. Teixit especial running adaptable al cos. Detalls reflectants. F\u00e0cil de rentar i assecar.<br \/>Composition: 90% poli\u00e8ster \/ 10% elast\u00e0, 130 g\/m\u00b2.<br \/>Remarks: *Etiqueta extra\u00efble.<br \/>\n*Teixit t\u00e8cnic.<br \/>\n*Model transpirable. <br \/><img decoding=\"async\" src=\"https:\/\/static.gorfactory.es\/pics\/measures\/BE_HO.jpg\"><\/p>\n","protected":false},"excerpt":{"rendered":"<p>Pantal\u00f3 curt esportiu amb slip interior. Cintura el\u00e0stica amb cord\u00f3 interior creuat per a facilitar-ne l\u2019ajustament. Teixit especial running adaptable al cos. Detalls reflectants. F\u00e0cil de rentar i assecar.Composition: 90% poli\u00e8ster \/ 10% elast\u00e0, 130 g\/m\u00b2.Remarks: *Etiqueta extra\u00efble. *Teixit t\u00e8cnic. *Model transpirable.<\/p>\n","protected":false},"featured_media":23330,"template":"","meta":{"_joinchat":[]},"product_brand":[],"product_cat":[1068,654],"product_tag":[],"class_list":{"0":"post-23329","1":"product","2":"type-product","3":"status-publish","4":"has-post-thumbnail","6":"product_cat-pd","7":"product_cat-sports-indumentaria-base","8":"tm-no-options-pxq","10":"first","11":"instock","12":"taxable","13":"shipping-taxable","14":"purchasable","15":"product-type-variable"},"_links":{"self":[{"href":"https:\/\/uniformelaboral.com\/index.php\/wp-json\/wp\/v2\/product\/23329","targetHints":{"allow":["GET"]}}],"collection":[{"href":"https:\/\/uniformelaboral.com\/index.php\/wp-json\/wp\/v2\/product"}],"about":[{"href":"https:\/\/uniformelaboral.com\/index.php\/wp-json\/wp\/v2\/types\/product"}],"wp:featuredmedia":[{"embeddable":true,"href":"https:\/\/uniformelaboral.com\/index.php\/wp-json\/wp\/v2\/media\/23330"}],"wp:attachment":[{"href":"https:\/\/uniformelaboral.com\/index.php\/wp-json\/wp\/v2\/media?parent=23329"}],"wp:term":[{"taxonomy":"product_brand","embeddable":true,"href":"https:\/\/uniformelaboral.com\/index.php\/wp-json\/wp\/v2\/product_brand?post=23329"},{"taxonomy":"product_cat","embeddable":true,"href":"https:\/\/uniformelaboral.com\/index.php\/wp-json\/wp\/v2\/product_cat?post=23329"},{"taxonomy":"product_tag","embeddable":true,"href":"https:\/\/uniformelaboral.com\/index.php\/wp-json\/wp\/v2\/product_tag?post=23329"}],"curies":[{"name":"wp","href":"https:\/\/api.w.org\/{rel}","templated":true}]}}