{"id":22884,"date":"2025-02-26T10:56:06","date_gmt":"2025-02-26T09:56:06","guid":{"rendered":"https:\/\/uniformelaboral.com\/index.php\/producto\/protect\/"},"modified":"2025-02-26T10:57:01","modified_gmt":"2025-02-26T09:57:01","slug":"protect","status":"publish","type":"product","link":"https:\/\/uniformelaboral.com\/index.php\/producto\/protect\/","title":{"rendered":"PROTECT"},"content":{"rendered":"<p>Pantal\u00f3 recte sense pinces.<br \/>\n1. Cintura ajustable mitjan\u00e7ant gomes el\u00e0stiques per millor adaptaci\u00f3.<br \/>\n2. Dues butxaques posteriors i una butxaca lateral amb tancament de la cremallera al costat dret.<br \/>\n3. Dues butxaques laterals: esquerra amb tapeta m\u00e9s una butxaca interior i dreta amb diversos compartiments.<br \/>\n4. Cintura: penjador per les claus.<br \/>\n5. Butxaques interiors per protegir els genolls.<br \/>\n6. Travetes a les butxaques posteriors i laterals.  <br \/>Composition: 65% poli\u00e8ster \/ 35% cot\u00f3, 245 g\/m\u00b2.<br \/>Remarks: *Gamma alta.<br \/><img decoding=\"async\" src=\"https:\/\/static.gorfactory.es\/pics\/measures\/PA_HO.jpg\"><\/p>\n","protected":false},"excerpt":{"rendered":"<p>Pantal\u00f3 recte sense pinces. 1. Cintura ajustable mitjan\u00e7ant gomes el\u00e0stiques per millor adaptaci\u00f3. 2. Dues butxaques posteriors i una butxaca lateral amb tancament de la cremallera al costat dret. 3. Dues butxaques laterals: esquerra amb tapeta m\u00e9s una butxaca interior i dreta amb diversos compartiments. 4. Cintura: penjador per les claus. 5. Butxaques interiors per [&hellip;]<\/p>\n","protected":false},"featured_media":22885,"template":"","meta":{"_joinchat":[]},"product_brand":[],"product_cat":[1105,1110,1097],"product_tag":[],"class_list":{"0":"post-22884","1":"product","2":"type-product","3":"status-publish","4":"has-post-thumbnail","6":"product_cat-industry_services","7":"product_cat-serviciospantalones_","8":"product_cat-workwear","9":"tm-no-options-pxq","11":"first","12":"instock","13":"taxable","14":"shipping-taxable","15":"purchasable","16":"product-type-variable"},"_links":{"self":[{"href":"https:\/\/uniformelaboral.com\/index.php\/wp-json\/wp\/v2\/product\/22884","targetHints":{"allow":["GET"]}}],"collection":[{"href":"https:\/\/uniformelaboral.com\/index.php\/wp-json\/wp\/v2\/product"}],"about":[{"href":"https:\/\/uniformelaboral.com\/index.php\/wp-json\/wp\/v2\/types\/product"}],"wp:featuredmedia":[{"embeddable":true,"href":"https:\/\/uniformelaboral.com\/index.php\/wp-json\/wp\/v2\/media\/22885"}],"wp:attachment":[{"href":"https:\/\/uniformelaboral.com\/index.php\/wp-json\/wp\/v2\/media?parent=22884"}],"wp:term":[{"taxonomy":"product_brand","embeddable":true,"href":"https:\/\/uniformelaboral.com\/index.php\/wp-json\/wp\/v2\/product_brand?post=22884"},{"taxonomy":"product_cat","embeddable":true,"href":"https:\/\/uniformelaboral.com\/index.php\/wp-json\/wp\/v2\/product_cat?post=22884"},{"taxonomy":"product_tag","embeddable":true,"href":"https:\/\/uniformelaboral.com\/index.php\/wp-json\/wp\/v2\/product_tag?post=22884"}],"curies":[{"name":"wp","href":"https:\/\/api.w.org\/{rel}","templated":true}]}}