{"id":22809,"date":"2025-02-26T10:54:25","date_gmt":"2025-02-26T09:54:25","guid":{"rendered":"https:\/\/uniformelaboral.com\/index.php\/producto\/vademecum\/"},"modified":"2025-02-26T10:56:03","modified_gmt":"2025-02-26T09:56:03","slug":"vademecum","status":"publish","type":"product","link":"https:\/\/uniformelaboral.com\/index.php\/producto\/vademecum\/","title":{"rendered":"VADEMECUM"},"content":{"rendered":"<p>Pantal\u00f3 de serveis unisex, de tall recte. Cintura el\u00e0stica. Tancament de cremallera i bot\u00f3. Butxaca posterior.<br \/>Composition: 65% poli\u00e8ster \/ 35% cot\u00f3 Sarga, 160 g\/m\u00b2.<br \/>Remarks: Pantal\u00f3 per combinar amb jaqueta PANACEA.<br \/>\n*Etiqueta extra\u00efble.<br \/>\n*Model unisex.<br \/>\n*Laboratori.<br \/>\n*Sanitat.<br \/>\n*Est\u00e8tica.<br \/>\n*Alimentaci\u00f3.<br \/>\n*Neteja.<br \/><img decoding=\"async\" src=\"https:\/\/static.gorfactory.es\/pics\/measures\/PA_HO.jpg\"><\/p>\n","protected":false},"excerpt":{"rendered":"<p>Pantal\u00f3 de serveis unisex, de tall recte. Cintura el\u00e0stica. Tancament de cremallera i bot\u00f3. Butxaca posterior.Composition: 65% poli\u00e8ster \/ 35% cot\u00f3 Sarga, 160 g\/m\u00b2.Remarks: Pantal\u00f3 per combinar amb jaqueta PANACEA. *Etiqueta extra\u00efble. *Model unisex. *Laboratori. *Sanitat. *Est\u00e8tica. *Alimentaci\u00f3. *Neteja.<\/p>\n","protected":false},"featured_media":22810,"template":"","meta":{"_joinchat":[]},"product_brand":[],"product_cat":[1125,1121,1097],"product_tag":[],"class_list":{"0":"post-22809","1":"product","2":"type-product","3":"status-publish","4":"has-post-thumbnail","6":"product_cat-sanitarypantalon","7":"product_cat-san_est","8":"product_cat-workwear","9":"tm-no-options-pxq","11":"first","12":"instock","13":"taxable","14":"shipping-taxable","15":"purchasable","16":"product-type-variable"},"_links":{"self":[{"href":"https:\/\/uniformelaboral.com\/index.php\/wp-json\/wp\/v2\/product\/22809","targetHints":{"allow":["GET"]}}],"collection":[{"href":"https:\/\/uniformelaboral.com\/index.php\/wp-json\/wp\/v2\/product"}],"about":[{"href":"https:\/\/uniformelaboral.com\/index.php\/wp-json\/wp\/v2\/types\/product"}],"wp:featuredmedia":[{"embeddable":true,"href":"https:\/\/uniformelaboral.com\/index.php\/wp-json\/wp\/v2\/media\/22810"}],"wp:attachment":[{"href":"https:\/\/uniformelaboral.com\/index.php\/wp-json\/wp\/v2\/media?parent=22809"}],"wp:term":[{"taxonomy":"product_brand","embeddable":true,"href":"https:\/\/uniformelaboral.com\/index.php\/wp-json\/wp\/v2\/product_brand?post=22809"},{"taxonomy":"product_cat","embeddable":true,"href":"https:\/\/uniformelaboral.com\/index.php\/wp-json\/wp\/v2\/product_cat?post=22809"},{"taxonomy":"product_tag","embeddable":true,"href":"https:\/\/uniformelaboral.com\/index.php\/wp-json\/wp\/v2\/product_tag?post=22809"}],"curies":[{"name":"wp","href":"https:\/\/api.w.org\/{rel}","templated":true}]}}