{"id":22783,"date":"2025-02-26T10:53:49","date_gmt":"2025-02-26T09:53:49","guid":{"rendered":"https:\/\/uniformelaboral.com\/index.php\/producto\/rochat\/"},"modified":"2025-02-26T10:54:24","modified_gmt":"2025-02-26T09:54:24","slug":"rochat","status":"publish","type":"product","link":"https:\/\/uniformelaboral.com\/index.php\/producto\/rochat\/","title":{"rendered":"ROCHAT"},"content":{"rendered":"<p>Pantalons llargs tall recte Unisex.<br \/>\n\u00b7 Cintura el\u00e0stica.<br \/>\n\u00b7 Butxaca interior amb tancament de velcro.<br \/>Composition: El 65% poli\u00e8ster \/ 35% cot\u00f3, sarja de 195 g \/ m\u00b2.<br \/>Remarks: * Etiqueta extra\u00efble.<br \/>\n* Model unisex.<br \/>\n* Models per a laboratori, sanitat, est\u00e8tica, alimentaci\u00f3 i neteja.<br \/><img decoding=\"async\" src=\"https:\/\/static.gorfactory.es\/pics\/measures\/PA_HO.jpg\"><\/p>\n","protected":false},"excerpt":{"rendered":"<p>Pantalons llargs tall recte Unisex. \u00b7 Cintura el\u00e0stica. \u00b7 Butxaca interior amb tancament de velcro.Composition: El 65% poli\u00e8ster \/ 35% cot\u00f3, sarja de 195 g \/ m\u00b2.Remarks: * Etiqueta extra\u00efble. * Model unisex. * Models per a laboratori, sanitat, est\u00e8tica, alimentaci\u00f3 i neteja.<\/p>\n","protected":false},"featured_media":22784,"template":"","meta":{"_joinchat":[]},"product_brand":[],"product_cat":[1116,1126,1097],"product_tag":[],"class_list":{"0":"post-22783","1":"product","2":"type-product","3":"status-publish","4":"has-post-thumbnail","6":"product_cat-food","7":"product_cat-foodpantalon","8":"product_cat-workwear","9":"tm-no-options-pxq","11":"first","12":"instock","13":"taxable","14":"shipping-taxable","15":"purchasable","16":"product-type-variable"},"_links":{"self":[{"href":"https:\/\/uniformelaboral.com\/index.php\/wp-json\/wp\/v2\/product\/22783","targetHints":{"allow":["GET"]}}],"collection":[{"href":"https:\/\/uniformelaboral.com\/index.php\/wp-json\/wp\/v2\/product"}],"about":[{"href":"https:\/\/uniformelaboral.com\/index.php\/wp-json\/wp\/v2\/types\/product"}],"wp:featuredmedia":[{"embeddable":true,"href":"https:\/\/uniformelaboral.com\/index.php\/wp-json\/wp\/v2\/media\/22784"}],"wp:attachment":[{"href":"https:\/\/uniformelaboral.com\/index.php\/wp-json\/wp\/v2\/media?parent=22783"}],"wp:term":[{"taxonomy":"product_brand","embeddable":true,"href":"https:\/\/uniformelaboral.com\/index.php\/wp-json\/wp\/v2\/product_brand?post=22783"},{"taxonomy":"product_cat","embeddable":true,"href":"https:\/\/uniformelaboral.com\/index.php\/wp-json\/wp\/v2\/product_cat?post=22783"},{"taxonomy":"product_tag","embeddable":true,"href":"https:\/\/uniformelaboral.com\/index.php\/wp-json\/wp\/v2\/product_tag?post=22783"}],"curies":[{"name":"wp","href":"https:\/\/api.w.org\/{rel}","templated":true}]}}