{"id":22624,"date":"2025-02-26T10:50:24","date_gmt":"2025-02-26T09:50:24","guid":{"rendered":"https:\/\/uniformelaboral.com\/index.php\/producto\/fiber\/"},"modified":"2025-02-26T10:51:51","modified_gmt":"2025-02-26T09:51:51","slug":"fiber","status":"publish","type":"product","link":"https:\/\/uniformelaboral.com\/index.php\/producto\/fiber\/","title":{"rendered":"FIBER"},"content":{"rendered":"<p>Pantalons llargs patr\u00f3 recte Unisex.<br \/>\n\u00b7 Cintura el\u00e0stica i cinta ajustable.<br \/>\n\u00b7 Butxaques Franceses.<br \/>Composition: 94% poli\u00e8ster \/ 6% elast\u00e0, 170 g\/m\u00b2.<br \/>Remarks: Pantalons per combinar amb casaca FEROX.<br \/>\n*Etiqueta extra\u00efble.<br \/>\n*Model unisex.<br \/>\n*Laboratori.<br \/>\n*Sanitat.<br \/>\n*Est\u00e8tica.<br \/>\n*Alimentaci\u00f3.<br \/>\n*Neteja.<br \/><img decoding=\"async\" src=\"https:\/\/static.gorfactory.es\/pics\/measures\/PA_HO.jpg\"><\/p>\n","protected":false},"excerpt":{"rendered":"<p>Pantalons llargs patr\u00f3 recte Unisex. \u00b7 Cintura el\u00e0stica i cinta ajustable. \u00b7 Butxaques Franceses.Composition: 94% poli\u00e8ster \/ 6% elast\u00e0, 170 g\/m\u00b2.Remarks: Pantalons per combinar amb casaca FEROX. *Etiqueta extra\u00efble. *Model unisex. *Laboratori. *Sanitat. *Est\u00e8tica. *Alimentaci\u00f3. *Neteja.<\/p>\n","protected":false},"featured_media":22625,"template":"","meta":{"_joinchat":[]},"product_brand":[],"product_cat":[1125,1121,1097],"product_tag":[],"class_list":{"0":"post-22624","1":"product","2":"type-product","3":"status-publish","4":"has-post-thumbnail","6":"product_cat-sanitarypantalon","7":"product_cat-san_est","8":"product_cat-workwear","9":"tm-no-options-pxq","11":"first","12":"instock","13":"taxable","14":"shipping-taxable","15":"purchasable","16":"product-type-variable"},"_links":{"self":[{"href":"https:\/\/uniformelaboral.com\/index.php\/wp-json\/wp\/v2\/product\/22624","targetHints":{"allow":["GET"]}}],"collection":[{"href":"https:\/\/uniformelaboral.com\/index.php\/wp-json\/wp\/v2\/product"}],"about":[{"href":"https:\/\/uniformelaboral.com\/index.php\/wp-json\/wp\/v2\/types\/product"}],"wp:featuredmedia":[{"embeddable":true,"href":"https:\/\/uniformelaboral.com\/index.php\/wp-json\/wp\/v2\/media\/22625"}],"wp:attachment":[{"href":"https:\/\/uniformelaboral.com\/index.php\/wp-json\/wp\/v2\/media?parent=22624"}],"wp:term":[{"taxonomy":"product_brand","embeddable":true,"href":"https:\/\/uniformelaboral.com\/index.php\/wp-json\/wp\/v2\/product_brand?post=22624"},{"taxonomy":"product_cat","embeddable":true,"href":"https:\/\/uniformelaboral.com\/index.php\/wp-json\/wp\/v2\/product_cat?post=22624"},{"taxonomy":"product_tag","embeddable":true,"href":"https:\/\/uniformelaboral.com\/index.php\/wp-json\/wp\/v2\/product_tag?post=22624"}],"curies":[{"name":"wp","href":"https:\/\/api.w.org\/{rel}","templated":true}]}}