{"id":21959,"date":"2024-09-06T18:29:16","date_gmt":"2024-09-06T16:29:16","guid":{"rendered":"https:\/\/uniformelaboral.com\/?post_type=product&#038;p=21959"},"modified":"2024-09-06T19:08:02","modified_gmt":"2024-09-06T17:08:02","slug":"conjunt-serveis-sanitat-work-b9140-19-32","status":"publish","type":"product","link":"https:\/\/uniformelaboral.com\/index.php\/producto\/conjunt-serveis-sanitat-work-b9140-19-32\/","title":{"rendered":"CONJUNT SERVEIS\/SANITAT WORK B9140 \/ 19.32"},"content":{"rendered":"","protected":false},"excerpt":{"rendered":"<div id=\"descripcion\">\n<h5><img loading=\"lazy\" decoding=\"async\" class=\" wp-image-20827 alignleft\" src=\"https:\/\/uniformelaboral.com\/wp-content\/uploads\/2020\/02\/logo_workteam_negro-1-300x243.png\" alt=\"\" width=\"130\" height=\"105\" srcset=\"https:\/\/uniformelaboral.com\/wp-content\/uploads\/2020\/02\/logo_workteam_negro-1-300x243.png 300w, https:\/\/uniformelaboral.com\/wp-content\/uploads\/2020\/02\/logo_workteam_negro-1-416x337.png 416w, https:\/\/uniformelaboral.com\/wp-content\/uploads\/2020\/02\/logo_workteam_negro-1.png 450w\" sizes=\"auto, (max-width: 130px) 100vw, 130px\" \/>Conjunt unisex de casaca i pantalons en teixit el\u00e0stic combinat. Casaca de m\u00e0niga curta i coll a bec amb detall combinat. Obertures laterals. Una butxaca al pit de plast\u00f3. Dues butxaques laterals de plast\u00f3. Dues butxaques per a bol\u00edgrafs. Pantalons amb el\u00e0stic i cord\u00f3 a la cintura. Dues butxaques laterals de plast\u00f3. Una butxaca del darrere de plast\u00f3.<\/h5>\n<h5>Composici\u00f3 93% Poli\u00e8ster 7% Elast\u00e0 Gramatge 130<\/h5>\n<p><img loading=\"lazy\" decoding=\"async\" class=\" wp-image-21960 aligncenter\" src=\"https:\/\/uniformelaboral.com\/wp-content\/uploads\/2024\/09\/ELASTIC-B9140-300x84.jpg\" alt=\"\" width=\"243\" height=\"68\" srcset=\"https:\/\/uniformelaboral.com\/wp-content\/uploads\/2024\/09\/ELASTIC-B9140-300x84.jpg 300w, https:\/\/uniformelaboral.com\/wp-content\/uploads\/2024\/09\/ELASTIC-B9140.jpg 313w\" sizes=\"auto, (max-width: 243px) 100vw, 243px\" \/><\/p>\n<\/div>\n<h6><a href=\"https:\/\/workteam.com\/fichas\/tallas\/B9140.jpg\" target=\"_blank\" rel=\"noopener noreferrer\">TAULA DE TALLES<\/a><\/h6>\n<h6><a href=\"https:\/\/workteam.com\/fichas\/tecnicas\/B9140.jpg\" target=\"_blank\" rel=\"noopener noreferrer\">FITXA T\u00c8CNICA<\/a><\/h6>\n<h6 style=\"text-align: right;\"><a href=\"https:\/\/workteam.com\/seccion_detalle.php?ref=B9140&amp;color=MR\" target=\"_blank\" rel=\"noopener noreferrer\">CONSULTAR CAT\u00c1LEG<\/a><\/h6>\n<h6 style=\"text-align: right;\"><a href=\"https:\/\/uniformelaboral.com\/index.php\/contacte\/\" target=\"_blank\" rel=\"noopener noreferrer\">CONTACTAR AMB NOSALTRES<\/a><\/h6>\n<h6><\/h6>\n","protected":false},"featured_media":21964,"template":"","meta":{"_joinchat":[]},"product_brand":[],"product_cat":[36,134,142,145,1050,147,39,38,928,958,1048],"product_tag":[],"class_list":{"0":"post-21959","1":"product","2":"type-product","3":"status-publish","4":"has-post-thumbnail","6":"product_cat-alimentacio","7":"product_cat-conjunts","8":"product_cat-conjunts-2","9":"product_cat-conjunts-3","10":"product_cat-conjunts-pantalons-hostaleria","11":"product_cat-hostaleria","12":"product_cat-sanitat","13":"product_cat-serveis","14":"product_cat-strech-4","15":"product_cat-strech-5","16":"product_cat-strech-pantalons-hostaleria","17":"tm-has-options","19":"first","20":"instock","21":"taxable","22":"shipping-taxable","23":"purchasable","24":"product-type-simple"},"_links":{"self":[{"href":"https:\/\/uniformelaboral.com\/index.php\/wp-json\/wp\/v2\/product\/21959","targetHints":{"allow":["GET"]}}],"collection":[{"href":"https:\/\/uniformelaboral.com\/index.php\/wp-json\/wp\/v2\/product"}],"about":[{"href":"https:\/\/uniformelaboral.com\/index.php\/wp-json\/wp\/v2\/types\/product"}],"wp:featuredmedia":[{"embeddable":true,"href":"https:\/\/uniformelaboral.com\/index.php\/wp-json\/wp\/v2\/media\/21964"}],"wp:attachment":[{"href":"https:\/\/uniformelaboral.com\/index.php\/wp-json\/wp\/v2\/media?parent=21959"}],"wp:term":[{"taxonomy":"product_brand","embeddable":true,"href":"https:\/\/uniformelaboral.com\/index.php\/wp-json\/wp\/v2\/product_brand?post=21959"},{"taxonomy":"product_cat","embeddable":true,"href":"https:\/\/uniformelaboral.com\/index.php\/wp-json\/wp\/v2\/product_cat?post=21959"},{"taxonomy":"product_tag","embeddable":true,"href":"https:\/\/uniformelaboral.com\/index.php\/wp-json\/wp\/v2\/product_tag?post=21959"}],"curies":[{"name":"wp","href":"https:\/\/api.w.org\/{rel}","templated":true}]}}