{"id":21948,"date":"2024-09-02T17:14:13","date_gmt":"2024-09-02T15:14:13","guid":{"rendered":"https:\/\/uniformelaboral.com\/?post_type=product&#038;p=21948"},"modified":"2024-09-02T17:47:51","modified_gmt":"2024-09-02T15:47:51","slug":"guant-mecanic-i-tactil-500fine-1-92e","status":"publish","type":"product","link":"https:\/\/uniformelaboral.com\/index.php\/producto\/guant-mecanic-i-tactil-500fine-1-92e\/","title":{"rendered":"GUANT MEC\u00c0NIC I TACTIL 500FINE \/1.92\u20ac"},"content":{"rendered":"","protected":false},"excerpt":{"rendered":"<h5><img loading=\"lazy\" decoding=\"async\" class=\" wp-image-20171 alignleft\" src=\"https:\/\/uniformelaboral.com\/wp-content\/uploads\/2022\/03\/TOMAS-BODERO-300x191.jpg\" alt=\"\" width=\"119\" height=\"76\" srcset=\"https:\/\/uniformelaboral.com\/wp-content\/uploads\/2022\/03\/TOMAS-BODERO-300x191.jpg 300w, https:\/\/uniformelaboral.com\/wp-content\/uploads\/2022\/03\/TOMAS-BODERO-1024x650.jpg 1024w, https:\/\/uniformelaboral.com\/wp-content\/uploads\/2022\/03\/TOMAS-BODERO-768x488.jpg 768w, https:\/\/uniformelaboral.com\/wp-content\/uploads\/2022\/03\/TOMAS-BODERO-416x264.jpg 416w, https:\/\/uniformelaboral.com\/wp-content\/uploads\/2022\/03\/TOMAS-BODERO.jpg 1176w\" sizes=\"auto, (max-width: 119px) 100vw, 119px\" \/>\u2022 APTE PER A PANTALLES T\u00c0CTILS. \u2022 Nil\u00f3 (poliamida) Fibra sint\u00e8tica molt resistent a l&#8217;abrasi\u00f3. \u2022 No es deforma i asseca r\u00e0pidament. \u2022 Sense costures proporciona m\u00e9s comoditat i evita les irritacions. \u2022 Galga 18 proporciona un alt de sensibilitat per a treballs de gran precisi\u00f3. \u2022 Recobriment de poliuret\u00e0 material sint\u00e8tic d&#8217;excel\u00b7lent elasticitat i destresa. \u2022 Proporcions d&#8217;un alt nivell de resist\u00e8ncia a l&#8217;abrasi\u00f3.<\/h5>\n<h5>\u00daS: Micromec\u00e0nica, Muntatge industrial, Orfebreria, Processadors, Rellotgeria<\/h5>\n<p><img loading=\"lazy\" decoding=\"async\" class=\"wp-image-21952 aligncenter\" src=\"https:\/\/uniformelaboral.com\/wp-content\/uploads\/2024\/09\/500FINE-ICONOS-300x88.jpg\" alt=\"\" width=\"259\" height=\"76\" srcset=\"https:\/\/uniformelaboral.com\/wp-content\/uploads\/2024\/09\/500FINE-ICONOS-300x88.jpg 300w, https:\/\/uniformelaboral.com\/wp-content\/uploads\/2024\/09\/500FINE-ICONOS-768x225.jpg 768w, https:\/\/uniformelaboral.com\/wp-content\/uploads\/2024\/09\/500FINE-ICONOS-416x122.jpg 416w, https:\/\/uniformelaboral.com\/wp-content\/uploads\/2024\/09\/500FINE-ICONOS.jpg 831w\" sizes=\"auto, (max-width: 259px) 100vw, 259px\" \/><\/p>\n<h6><a href=\"https:\/\/tbgroupsafety.com\/es\/flat101_catalog\/pdf?attr=ftecnica&amp;pdf=500FINE_INFO.PDF\" target=\"_blank\" rel=\"noopener noreferrer\">FITXA TECNICA<\/a><\/h6>\n<h6><a href=\"https:\/\/tbgroupsafety.com\/es\/flat101_catalog\/pdf?attr=dconformidad&amp;pdf=500FINE_DC.PDF\" target=\"_blank\" rel=\"noopener noreferrer\">DECLARACI\u00d3 DE CONFORMITAT<\/a><\/h6>\n<h6 style=\"text-align: right;\"><a href=\"https:\/\/tbgroupsafety.com\/es\/guante-mecanico-y-tactil-500fine-marcado-heat-transfer\" target=\"_blank\" rel=\"noopener noreferrer\">CONSULTAR CAT\u00c0LEG<\/a><\/h6>\n<h6 style=\"text-align: right;\"><a href=\"https:\/\/uniformelaboral.com\/index.php\/contacte\/\" target=\"_blank\" rel=\"noopener noreferrer\">CONTACTAR AMB NOSALTRES<\/a><\/h6>\n<h6><\/h6>\n<p>&nbsp;<\/p>\n","protected":false},"featured_media":21949,"template":"","meta":{"_joinchat":[]},"product_brand":[],"product_cat":[26,31,121],"product_tag":[],"class_list":{"0":"post-21948","1":"product","2":"type-product","3":"status-publish","4":"has-post-thumbnail","6":"product_cat-cascs-de-seguretat","7":"product_cat-guants","8":"product_cat-nylon","9":"tm-has-options","11":"first","12":"instock","13":"taxable","14":"shipping-taxable","15":"purchasable","16":"product-type-simple"},"_links":{"self":[{"href":"https:\/\/uniformelaboral.com\/index.php\/wp-json\/wp\/v2\/product\/21948","targetHints":{"allow":["GET"]}}],"collection":[{"href":"https:\/\/uniformelaboral.com\/index.php\/wp-json\/wp\/v2\/product"}],"about":[{"href":"https:\/\/uniformelaboral.com\/index.php\/wp-json\/wp\/v2\/types\/product"}],"wp:featuredmedia":[{"embeddable":true,"href":"https:\/\/uniformelaboral.com\/index.php\/wp-json\/wp\/v2\/media\/21949"}],"wp:attachment":[{"href":"https:\/\/uniformelaboral.com\/index.php\/wp-json\/wp\/v2\/media?parent=21948"}],"wp:term":[{"taxonomy":"product_brand","embeddable":true,"href":"https:\/\/uniformelaboral.com\/index.php\/wp-json\/wp\/v2\/product_brand?post=21948"},{"taxonomy":"product_cat","embeddable":true,"href":"https:\/\/uniformelaboral.com\/index.php\/wp-json\/wp\/v2\/product_cat?post=21948"},{"taxonomy":"product_tag","embeddable":true,"href":"https:\/\/uniformelaboral.com\/index.php\/wp-json\/wp\/v2\/product_tag?post=21948"}],"curies":[{"name":"wp","href":"https:\/\/api.w.org\/{rel}","templated":true}]}}